{"id":104385,"date":"2019-09-05T11:59:33","date_gmt":"2019-09-05T09:59:33","guid":{"rendered":"https:\/\/www.stylink.com\/terms-of-service-ro-cz\/"},"modified":"2026-03-17T10:03:56","modified_gmt":"2026-03-17T09:03:56","slug":"terms-of-service","status":"publish","type":"page","link":"https:\/\/www.stylink.com\/cz\/terms-of-service\/","title":{"rendered":"Terms of Service"},"content":{"rendered":"<div id=\"cs-content\" class=\"cs-content\"><\/div>\n","protected":false},"excerpt":{"rendered":"<p>V\u0161eobecn\u00e9 obchodn\u00ed podm\u00ednky\u00a7 1 V\u0161eobecn\u011b (1) Stylink Social Media GmbH (d\u00e1le jen \u201estylink&#8221;) nab\u00edz\u00ed pod dom\u00e9nou stylink.com a prost\u0159ednictv\u00edm aplikac\u00ed, online platformu (d\u00e1le jen \u201eplatforma&#8221;), kter\u00e1 umo\u017e\u0148uje u\u017eivatel\u016fm r\u016fzn\u00fdch kan\u00e1l\u016f soci\u00e1ln\u00edch s\u00edt\u00ed (d\u00e1le jen \u201etv\u016frce\/tv\u016frci&#8221;) vytv\u00e1\u0159et odkazy na doporu\u010den\u00e9 produkty (d\u00e1le jen \u201edoporu\u010duj\u00edc\u00ed odkazy&#8221;) prost\u0159ednictv\u00edm tv\u016frce odkaz\u016f stylink a zve\u0159ej\u0148ovat je na kan\u00e1lech soci\u00e1ln\u00edch s\u00edt\u00ed. Na tyto odkazy na produkty &#8230;<\/p>\n","protected":false},"author":95,"featured_media":0,"parent":0,"menu_order":999,"comment_status":"closed","ping_status":"closed","template":"template-blank-4.php","meta":{"rs_blank_template":"","rs_page_bg_color":"","slide_template_v7":"","footnotes":""},"class_list":["post-104385","page","type-page","status-publish","hentry","no-post-thumbnail"],"yoast_head":"<title>Terms of Service - stylink - affiliate platform for influencers<\/title>\n<meta name=\"robots\" content=\"index, follow, max-snippet:-1, max-image-preview:large, max-video-preview:-1\" \/>\n<link rel=\"canonical\" href=\"https:\/\/www.stylink.com\/cz\/terms-of-service\/\" \/>\n<meta property=\"og:locale\" content=\"en_US\" \/>\n<meta property=\"og:type\" content=\"article\" \/>\n<meta property=\"og:title\" content=\"Terms of Service - stylink - affiliate platform for influencers\" \/>\n<meta property=\"og:description\" content=\"V\u0161eobecn\u00e9 obchodn\u00ed podm\u00ednky\u00a7 1 V\u0161eobecn\u011b (1) Stylink Social Media GmbH (d\u00e1le jen \u201estylink&quot;) nab\u00edz\u00ed pod dom\u00e9nou stylink.com a prost\u0159ednictv\u00edm aplikac\u00ed, online platformu (d\u00e1le jen \u201eplatforma&quot;), kter\u00e1 umo\u017e\u0148uje u\u017eivatel\u016fm r\u016fzn\u00fdch kan\u00e1l\u016f soci\u00e1ln\u00edch s\u00edt\u00ed (d\u00e1le jen \u201etv\u016frce\/tv\u016frci&quot;) vytv\u00e1\u0159et odkazy na doporu\u010den\u00e9 produkty (d\u00e1le jen \u201edoporu\u010duj\u00edc\u00ed odkazy&quot;) prost\u0159ednictv\u00edm tv\u016frce odkaz\u016f stylink a zve\u0159ej\u0148ovat je na kan\u00e1lech soci\u00e1ln\u00edch s\u00edt\u00ed. Na tyto odkazy na produkty ...\" \/>\n<meta property=\"og:url\" content=\"https:\/\/www.stylink.com\/cz\/terms-of-service\/\" \/>\n<meta property=\"og:site_name\" content=\"stylink - affiliate platform for influencers\" \/>\n<meta property=\"article:modified_time\" content=\"2026-03-17T09:03:56+00:00\" \/>\n<meta property=\"og:image\" content=\"https:\/\/www.stylink.com\/wp-content\/uploads\/2025\/03\/stylink-screenshot.webp\" \/>\n\t<meta property=\"og:image:width\" content=\"1440\" \/>\n\t<meta property=\"og:image:height\" content=\"795\" \/>\n\t<meta property=\"og:image:type\" content=\"image\/webp\" \/>\n<meta name=\"twitter:card\" content=\"summary_large_image\" \/>\n<meta name=\"twitter:label1\" content=\"Est. reading time\" \/>\n\t<meta name=\"twitter:data1\" content=\"17 minutes\" \/>\n<script type=\"application\/ld+json\" class=\"yoast-schema-graph\">{\"@context\":\"https:\\\/\\\/schema.org\",\"@graph\":[{\"@type\":\"WebPage\",\"@id\":\"https:\\\/\\\/www.stylink.com\\\/cz\\\/terms-of-service\\\/\",\"url\":\"https:\\\/\\\/www.stylink.com\\\/cz\\\/terms-of-service\\\/\",\"name\":\"Terms of Service - stylink - affiliate platform for influencers\",\"isPartOf\":{\"@id\":\"https:\\\/\\\/www.stylink.com\\\/cz\\\/#website\"},\"datePublished\":\"2019-09-05T09:59:33+00:00\",\"dateModified\":\"2026-03-17T09:03:56+00:00\",\"breadcrumb\":{\"@id\":\"https:\\\/\\\/www.stylink.com\\\/cz\\\/terms-of-service\\\/#breadcrumb\"},\"inLanguage\":\"CZ\",\"potentialAction\":[{\"@type\":\"ReadAction\",\"target\":[\"https:\\\/\\\/www.stylink.com\\\/cz\\\/terms-of-service\\\/\"]}]},{\"@type\":\"BreadcrumbList\",\"@id\":\"https:\\\/\\\/www.stylink.com\\\/cz\\\/terms-of-service\\\/#breadcrumb\",\"itemListElement\":[{\"@type\":\"ListItem\",\"position\":1,\"name\":\"Startseite\",\"item\":\"https:\\\/\\\/www.stylink.com\\\/cz\\\/start-cz\\\/\"},{\"@type\":\"ListItem\",\"position\":2,\"name\":\"Terms of Service\"}]},{\"@type\":\"WebSite\",\"@id\":\"https:\\\/\\\/www.stylink.com\\\/cz\\\/#website\",\"url\":\"https:\\\/\\\/www.stylink.com\\\/cz\\\/\",\"name\":\"stylink - Verg\u00fctungs-Plattform f\u00fcr Influencer\",\"description\":\"Verg\u00fctungs-Plattform f\u00fcr Creators\",\"publisher\":{\"@id\":\"https:\\\/\\\/www.stylink.com\\\/cz\\\/#organization\"},\"alternateName\":\"stylink Social Media GmbH\",\"potentialAction\":[{\"@type\":\"SearchAction\",\"target\":{\"@type\":\"EntryPoint\",\"urlTemplate\":\"https:\\\/\\\/www.stylink.com\\\/cz\\\/?s={search_term_string}\"},\"query-input\":{\"@type\":\"PropertyValueSpecification\",\"valueRequired\":true,\"valueName\":\"search_term_string\"}}],\"inLanguage\":\"CZ\"},{\"@type\":\"Organization\",\"@id\":\"https:\\\/\\\/www.stylink.com\\\/cz\\\/#organization\",\"name\":\"stylink Social Media GmbH\",\"alternateName\":\"stylink \u2013 Verg\u00fctungs-Plattform f\u00fcr Influencer\",\"url\":\"https:\\\/\\\/www.stylink.com\\\/cz\\\/\",\"logo\":{\"@type\":\"ImageObject\",\"inLanguage\":\"CZ\",\"@id\":\"https:\\\/\\\/www.stylink.com\\\/cz\\\/#\\\/schema\\\/logo\\\/image\\\/\",\"url\":\"https:\\\/\\\/www.stylink.com\\\/wp-content\\\/uploads\\\/2020\\\/01\\\/stylink-verguetungsplattform-logo-favicon-1.jpg\",\"contentUrl\":\"https:\\\/\\\/www.stylink.com\\\/wp-content\\\/uploads\\\/2020\\\/01\\\/stylink-verguetungsplattform-logo-favicon-1.jpg\",\"width\":600,\"height\":600,\"caption\":\"stylink Social Media GmbH\"},\"image\":{\"@id\":\"https:\\\/\\\/www.stylink.com\\\/cz\\\/#\\\/schema\\\/logo\\\/image\\\/\"},\"sameAs\":[\"https:\\\/\\\/www.instagram.com\\\/stylinkofficial\\\/\",\"https:\\\/\\\/www.linkedin.com\\\/company\\\/stylink-social-media\"]}]}<\/script>","yoast_head_json":{"title":"Terms of Service - stylink - affiliate platform for influencers","robots":{"index":"index","follow":"follow","max-snippet":"max-snippet:-1","max-image-preview":"max-image-preview:large","max-video-preview":"max-video-preview:-1"},"canonical":"https:\/\/www.stylink.com\/cz\/terms-of-service\/","og_locale":"en_US","og_type":"article","og_title":"Terms of Service - stylink - affiliate platform for influencers","og_description":"V\u0161eobecn\u00e9 obchodn\u00ed podm\u00ednky\u00a7 1 V\u0161eobecn\u011b (1) Stylink Social Media GmbH (d\u00e1le jen \u201estylink\") nab\u00edz\u00ed pod dom\u00e9nou stylink.com a prost\u0159ednictv\u00edm aplikac\u00ed, online platformu (d\u00e1le jen \u201eplatforma\"), kter\u00e1 umo\u017e\u0148uje u\u017eivatel\u016fm r\u016fzn\u00fdch kan\u00e1l\u016f soci\u00e1ln\u00edch s\u00edt\u00ed (d\u00e1le jen \u201etv\u016frce\/tv\u016frci\") vytv\u00e1\u0159et odkazy na doporu\u010den\u00e9 produkty (d\u00e1le jen \u201edoporu\u010duj\u00edc\u00ed odkazy\") prost\u0159ednictv\u00edm tv\u016frce odkaz\u016f stylink a zve\u0159ej\u0148ovat je na kan\u00e1lech soci\u00e1ln\u00edch s\u00edt\u00ed. Na tyto odkazy na produkty ...","og_url":"https:\/\/www.stylink.com\/cz\/terms-of-service\/","og_site_name":"stylink - affiliate platform for influencers","article_modified_time":"2026-03-17T09:03:56+00:00","og_image":[{"width":1440,"height":795,"url":"https:\/\/www.stylink.com\/wp-content\/uploads\/2025\/03\/stylink-screenshot.webp","type":"image\/webp"}],"twitter_card":"summary_large_image","twitter_misc":{"Est. reading time":"17 minutes"},"schema":{"@context":"https:\/\/schema.org","@graph":[{"@type":"WebPage","@id":"https:\/\/www.stylink.com\/cz\/terms-of-service\/","url":"https:\/\/www.stylink.com\/cz\/terms-of-service\/","name":"Terms of Service - stylink - affiliate platform for influencers","isPartOf":{"@id":"https:\/\/www.stylink.com\/cz\/#website"},"datePublished":"2019-09-05T09:59:33+00:00","dateModified":"2026-03-17T09:03:56+00:00","breadcrumb":{"@id":"https:\/\/www.stylink.com\/cz\/terms-of-service\/#breadcrumb"},"inLanguage":"CZ","potentialAction":[{"@type":"ReadAction","target":["https:\/\/www.stylink.com\/cz\/terms-of-service\/"]}]},{"@type":"BreadcrumbList","@id":"https:\/\/www.stylink.com\/cz\/terms-of-service\/#breadcrumb","itemListElement":[{"@type":"ListItem","position":1,"name":"Startseite","item":"https:\/\/www.stylink.com\/cz\/start-cz\/"},{"@type":"ListItem","position":2,"name":"Terms of Service"}]},{"@type":"WebSite","@id":"https:\/\/www.stylink.com\/cz\/#website","url":"https:\/\/www.stylink.com\/cz\/","name":"stylink - Verg\u00fctungs-Plattform f\u00fcr Influencer","description":"Verg\u00fctungs-Plattform f\u00fcr Creators","publisher":{"@id":"https:\/\/www.stylink.com\/cz\/#organization"},"alternateName":"stylink Social Media GmbH","potentialAction":[{"@type":"SearchAction","target":{"@type":"EntryPoint","urlTemplate":"https:\/\/www.stylink.com\/cz\/?s={search_term_string}"},"query-input":{"@type":"PropertyValueSpecification","valueRequired":true,"valueName":"search_term_string"}}],"inLanguage":"CZ"},{"@type":"Organization","@id":"https:\/\/www.stylink.com\/cz\/#organization","name":"stylink Social Media GmbH","alternateName":"stylink \u2013 Verg\u00fctungs-Plattform f\u00fcr Influencer","url":"https:\/\/www.stylink.com\/cz\/","logo":{"@type":"ImageObject","inLanguage":"CZ","@id":"https:\/\/www.stylink.com\/cz\/#\/schema\/logo\/image\/","url":"https:\/\/www.stylink.com\/wp-content\/uploads\/2020\/01\/stylink-verguetungsplattform-logo-favicon-1.jpg","contentUrl":"https:\/\/www.stylink.com\/wp-content\/uploads\/2020\/01\/stylink-verguetungsplattform-logo-favicon-1.jpg","width":600,"height":600,"caption":"stylink Social Media GmbH"},"image":{"@id":"https:\/\/www.stylink.com\/cz\/#\/schema\/logo\/image\/"},"sameAs":["https:\/\/www.instagram.com\/stylinkofficial\/","https:\/\/www.linkedin.com\/company\/stylink-social-media"]}]}},"_links":{"self":[{"href":"https:\/\/www.stylink.com\/cz\/wp-json\/wp\/v2\/pages\/104385","targetHints":{"allow":["GET"]}}],"collection":[{"href":"https:\/\/www.stylink.com\/cz\/wp-json\/wp\/v2\/pages"}],"about":[{"href":"https:\/\/www.stylink.com\/cz\/wp-json\/wp\/v2\/types\/page"}],"author":[{"embeddable":true,"href":"https:\/\/www.stylink.com\/cz\/wp-json\/wp\/v2\/users\/95"}],"replies":[{"embeddable":true,"href":"https:\/\/www.stylink.com\/cz\/wp-json\/wp\/v2\/comments?post=104385"}],"version-history":[{"count":19,"href":"https:\/\/www.stylink.com\/cz\/wp-json\/wp\/v2\/pages\/104385\/revisions"}],"predecessor-version":[{"id":120041,"href":"https:\/\/www.stylink.com\/cz\/wp-json\/wp\/v2\/pages\/104385\/revisions\/120041"}],"wp:attachment":[{"href":"https:\/\/www.stylink.com\/cz\/wp-json\/wp\/v2\/media?parent=104385"}],"curies":[{"name":"wp","href":"https:\/\/api.w.org\/{rel}","templated":true}]}}