{"id":115999,"date":"2025-10-21T12:30:14","date_gmt":"2025-10-21T10:30:14","guid":{"rendered":"https:\/\/www.stylink.com\/landingpage-emotions-uk-ie\/"},"modified":"2026-01-12T15:56:44","modified_gmt":"2026-01-12T14:56:44","slug":"black-friday-2025","status":"publish","type":"page","link":"https:\/\/www.stylink.com\/en\/black-friday-2025\/","title":{"rendered":"Landingpage Black Friday (UK-IE)"},"content":{"rendered":"<div id=\"cs-content\" class=\"cs-content\"><\/div>\n","protected":false},"excerpt":{"rendered":"<p>Your content pays off. Especially on Black Friday. Black Friday is just around the corner \u2013 and with it, the busiest shopping month of the year! Use our free Linkmaker to create customised referral links to your favourite products and the best Black Friday deals from your favourite brands. Share them with your community on Instagram, TikTok, YouTube or your &#8230;<\/p>\n","protected":false},"author":105,"featured_media":0,"parent":0,"menu_order":0,"comment_status":"closed","ping_status":"closed","template":"template-blank-6.php","meta":{"rs_blank_template":"","rs_page_bg_color":"","slide_template_v7":"","footnotes":""},"class_list":["post-115999","page","type-page","status-publish","hentry","no-post-thumbnail"],"yoast_head":"<title>Landingpage Black Friday (UK-IE) - stylink - affiliate platform for influencers<\/title>\n<meta name=\"robots\" content=\"index, follow, max-snippet:-1, max-image-preview:large, max-video-preview:-1\" \/>\n<link rel=\"canonical\" href=\"https:\/\/www.stylink.com\/en\/black-friday-2025\/\" \/>\n<meta property=\"og:locale\" content=\"en_GB\" \/>\n<meta property=\"og:type\" content=\"article\" \/>\n<meta property=\"og:title\" content=\"Landingpage Black Friday (UK-IE) - stylink - affiliate platform for influencers\" \/>\n<meta property=\"og:description\" content=\"Your content pays off. Especially on Black Friday. Black Friday is just around the corner \u2013 and with it, the busiest shopping month of the year! Use our free Linkmaker to create customised referral links to your favourite products and the best Black Friday deals from your favourite brands. Share them with your community on Instagram, TikTok, YouTube or your ...\" \/>\n<meta property=\"og:url\" content=\"https:\/\/www.stylink.com\/en\/black-friday-2025\/\" \/>\n<meta property=\"og:site_name\" content=\"stylink - affiliate platform for influencers\" \/>\n<meta property=\"article:modified_time\" content=\"2026-01-12T14:56:44+00:00\" \/>\n<meta property=\"og:image\" content=\"https:\/\/www.stylink.com\/wp-content\/uploads\/2025\/03\/stylink-screenshot.webp\" \/>\n\t<meta property=\"og:image:width\" content=\"1440\" \/>\n\t<meta property=\"og:image:height\" content=\"795\" \/>\n\t<meta property=\"og:image:type\" content=\"image\/webp\" \/>\n<meta name=\"twitter:card\" content=\"summary_large_image\" \/>\n<meta name=\"twitter:label1\" content=\"Estimated reading time\" \/>\n\t<meta name=\"twitter:data1\" content=\"12 minutes\" \/>\n<script type=\"application\/ld+json\" class=\"yoast-schema-graph\">{\"@context\":\"https:\\\/\\\/schema.org\",\"@graph\":[{\"@type\":\"WebPage\",\"@id\":\"https:\\\/\\\/www.stylink.com\\\/en\\\/black-friday-2025\\\/\",\"url\":\"https:\\\/\\\/www.stylink.com\\\/en\\\/black-friday-2025\\\/\",\"name\":\"Landingpage Black Friday (UK-IE) - stylink - affiliate platform for influencers\",\"isPartOf\":{\"@id\":\"https:\\\/\\\/www.stylink.com\\\/en\\\/#website\"},\"datePublished\":\"2025-10-21T10:30:14+00:00\",\"dateModified\":\"2026-01-12T14:56:44+00:00\",\"breadcrumb\":{\"@id\":\"https:\\\/\\\/www.stylink.com\\\/en\\\/black-friday-2025\\\/#breadcrumb\"},\"inLanguage\":\"en-GB\",\"potentialAction\":[{\"@type\":\"ReadAction\",\"target\":[\"https:\\\/\\\/www.stylink.com\\\/en\\\/black-friday-2025\\\/\"]}]},{\"@type\":\"BreadcrumbList\",\"@id\":\"https:\\\/\\\/www.stylink.com\\\/en\\\/black-friday-2025\\\/#breadcrumb\",\"itemListElement\":[{\"@type\":\"ListItem\",\"position\":1,\"name\":\"Startseite\",\"item\":\"https:\\\/\\\/www.stylink.com\\\/en\\\/join-our-stylink-community-and-monetize-your-content\\\/\"},{\"@type\":\"ListItem\",\"position\":2,\"name\":\"Landingpage Black Friday (UK-IE)\"}]},{\"@type\":\"WebSite\",\"@id\":\"https:\\\/\\\/www.stylink.com\\\/en\\\/#website\",\"url\":\"https:\\\/\\\/www.stylink.com\\\/en\\\/\",\"name\":\"stylink - Verg\u00fctungs-Plattform f\u00fcr Influencer\",\"description\":\"Verg\u00fctungs-Plattform f\u00fcr Creators\",\"publisher\":{\"@id\":\"https:\\\/\\\/www.stylink.com\\\/en\\\/#organization\"},\"alternateName\":\"stylink Social Media GmbH\",\"potentialAction\":[{\"@type\":\"SearchAction\",\"target\":{\"@type\":\"EntryPoint\",\"urlTemplate\":\"https:\\\/\\\/www.stylink.com\\\/en\\\/?s={search_term_string}\"},\"query-input\":{\"@type\":\"PropertyValueSpecification\",\"valueRequired\":true,\"valueName\":\"search_term_string\"}}],\"inLanguage\":\"en-GB\"},{\"@type\":\"Organization\",\"@id\":\"https:\\\/\\\/www.stylink.com\\\/en\\\/#organization\",\"name\":\"stylink Social Media GmbH\",\"alternateName\":\"stylink \u2013 Verg\u00fctungs-Plattform f\u00fcr Influencer\",\"url\":\"https:\\\/\\\/www.stylink.com\\\/en\\\/\",\"logo\":{\"@type\":\"ImageObject\",\"inLanguage\":\"en-GB\",\"@id\":\"https:\\\/\\\/www.stylink.com\\\/en\\\/#\\\/schema\\\/logo\\\/image\\\/\",\"url\":\"https:\\\/\\\/www.stylink.com\\\/wp-content\\\/uploads\\\/2020\\\/01\\\/stylink-verguetungsplattform-logo-favicon-1.jpg\",\"contentUrl\":\"https:\\\/\\\/www.stylink.com\\\/wp-content\\\/uploads\\\/2020\\\/01\\\/stylink-verguetungsplattform-logo-favicon-1.jpg\",\"width\":600,\"height\":600,\"caption\":\"stylink Social Media GmbH\"},\"image\":{\"@id\":\"https:\\\/\\\/www.stylink.com\\\/en\\\/#\\\/schema\\\/logo\\\/image\\\/\"},\"sameAs\":[\"https:\\\/\\\/www.instagram.com\\\/stylinkofficial\\\/\",\"https:\\\/\\\/www.linkedin.com\\\/company\\\/stylink-social-media\"]}]}<\/script>","yoast_head_json":{"title":"Landingpage Black Friday (UK-IE) - stylink - affiliate platform for influencers","robots":{"index":"index","follow":"follow","max-snippet":"max-snippet:-1","max-image-preview":"max-image-preview:large","max-video-preview":"max-video-preview:-1"},"canonical":"https:\/\/www.stylink.com\/en\/black-friday-2025\/","og_locale":"en_GB","og_type":"article","og_title":"Landingpage Black Friday (UK-IE) - stylink - affiliate platform for influencers","og_description":"Your content pays off. Especially on Black Friday. Black Friday is just around the corner \u2013 and with it, the busiest shopping month of the year! Use our free Linkmaker to create customised referral links to your favourite products and the best Black Friday deals from your favourite brands. Share them with your community on Instagram, TikTok, YouTube or your ...","og_url":"https:\/\/www.stylink.com\/en\/black-friday-2025\/","og_site_name":"stylink - affiliate platform for influencers","article_modified_time":"2026-01-12T14:56:44+00:00","og_image":[{"width":1440,"height":795,"url":"https:\/\/www.stylink.com\/wp-content\/uploads\/2025\/03\/stylink-screenshot.webp","type":"image\/webp"}],"twitter_card":"summary_large_image","twitter_misc":{"Estimated reading time":"12 minutes"},"schema":{"@context":"https:\/\/schema.org","@graph":[{"@type":"WebPage","@id":"https:\/\/www.stylink.com\/en\/black-friday-2025\/","url":"https:\/\/www.stylink.com\/en\/black-friday-2025\/","name":"Landingpage Black Friday (UK-IE) - stylink - affiliate platform for influencers","isPartOf":{"@id":"https:\/\/www.stylink.com\/en\/#website"},"datePublished":"2025-10-21T10:30:14+00:00","dateModified":"2026-01-12T14:56:44+00:00","breadcrumb":{"@id":"https:\/\/www.stylink.com\/en\/black-friday-2025\/#breadcrumb"},"inLanguage":"en-GB","potentialAction":[{"@type":"ReadAction","target":["https:\/\/www.stylink.com\/en\/black-friday-2025\/"]}]},{"@type":"BreadcrumbList","@id":"https:\/\/www.stylink.com\/en\/black-friday-2025\/#breadcrumb","itemListElement":[{"@type":"ListItem","position":1,"name":"Startseite","item":"https:\/\/www.stylink.com\/en\/join-our-stylink-community-and-monetize-your-content\/"},{"@type":"ListItem","position":2,"name":"Landingpage Black Friday (UK-IE)"}]},{"@type":"WebSite","@id":"https:\/\/www.stylink.com\/en\/#website","url":"https:\/\/www.stylink.com\/en\/","name":"stylink - Verg\u00fctungs-Plattform f\u00fcr Influencer","description":"Verg\u00fctungs-Plattform f\u00fcr Creators","publisher":{"@id":"https:\/\/www.stylink.com\/en\/#organization"},"alternateName":"stylink Social Media GmbH","potentialAction":[{"@type":"SearchAction","target":{"@type":"EntryPoint","urlTemplate":"https:\/\/www.stylink.com\/en\/?s={search_term_string}"},"query-input":{"@type":"PropertyValueSpecification","valueRequired":true,"valueName":"search_term_string"}}],"inLanguage":"en-GB"},{"@type":"Organization","@id":"https:\/\/www.stylink.com\/en\/#organization","name":"stylink Social Media GmbH","alternateName":"stylink \u2013 Verg\u00fctungs-Plattform f\u00fcr Influencer","url":"https:\/\/www.stylink.com\/en\/","logo":{"@type":"ImageObject","inLanguage":"en-GB","@id":"https:\/\/www.stylink.com\/en\/#\/schema\/logo\/image\/","url":"https:\/\/www.stylink.com\/wp-content\/uploads\/2020\/01\/stylink-verguetungsplattform-logo-favicon-1.jpg","contentUrl":"https:\/\/www.stylink.com\/wp-content\/uploads\/2020\/01\/stylink-verguetungsplattform-logo-favicon-1.jpg","width":600,"height":600,"caption":"stylink Social Media GmbH"},"image":{"@id":"https:\/\/www.stylink.com\/en\/#\/schema\/logo\/image\/"},"sameAs":["https:\/\/www.instagram.com\/stylinkofficial\/","https:\/\/www.linkedin.com\/company\/stylink-social-media"]}]}},"_links":{"self":[{"href":"https:\/\/www.stylink.com\/en\/wp-json\/wp\/v2\/pages\/115999","targetHints":{"allow":["GET"]}}],"collection":[{"href":"https:\/\/www.stylink.com\/en\/wp-json\/wp\/v2\/pages"}],"about":[{"href":"https:\/\/www.stylink.com\/en\/wp-json\/wp\/v2\/types\/page"}],"author":[{"embeddable":true,"href":"https:\/\/www.stylink.com\/en\/wp-json\/wp\/v2\/users\/105"}],"replies":[{"embeddable":true,"href":"https:\/\/www.stylink.com\/en\/wp-json\/wp\/v2\/comments?post=115999"}],"version-history":[{"count":68,"href":"https:\/\/www.stylink.com\/en\/wp-json\/wp\/v2\/pages\/115999\/revisions"}],"predecessor-version":[{"id":118242,"href":"https:\/\/www.stylink.com\/en\/wp-json\/wp\/v2\/pages\/115999\/revisions\/118242"}],"wp:attachment":[{"href":"https:\/\/www.stylink.com\/en\/wp-json\/wp\/v2\/media?parent=115999"}],"curies":[{"name":"wp","href":"https:\/\/api.w.org\/{rel}","templated":true}]}}