{"id":26898,"date":"2022-08-10T14:23:39","date_gmt":"2022-08-10T12:23:39","guid":{"rendered":"https:\/\/www.stylink.com\/teilnahmebedingungen\/"},"modified":"2022-09-27T11:38:14","modified_gmt":"2022-09-27T09:38:14","slug":"ims_london_terms_of_participation","status":"publish","type":"page","link":"https:\/\/www.stylink.com\/en\/ims_london_terms_of_participation\/","title":{"rendered":"terms of participation"},"content":{"rendered":"<div id=\"cs-content\" class=\"cs-content\"><\/div>\n","protected":false},"excerpt":{"rendered":"<p>Conditions of participationWin an exclusive H&amp;M campaign with stylink You must be at least 18 years old &#8211; resident in the UK.&nbsp; You automatically enter into the competition after you register on our affiliate platform. 3 new registered users have the chance to win. If you win we will contact you by email on 31st October 2022 with all the &#8230;<\/p>\n","protected":false},"author":5,"featured_media":0,"parent":0,"menu_order":888,"comment_status":"closed","ping_status":"closed","template":"template-blank-4.php","meta":{"rs_blank_template":"","rs_page_bg_color":"","slide_template_v7":"","footnotes":""},"class_list":["post-26898","page","type-page","status-publish","hentry","no-post-thumbnail"],"yoast_head":"<title>terms of participation - stylink - affiliate platform for influencers<\/title>\n<meta name=\"robots\" content=\"index, follow, max-snippet:-1, max-image-preview:large, max-video-preview:-1\" \/>\n<link rel=\"canonical\" href=\"https:\/\/www.stylink.com\/en\/ims_london_terms_of_participation\/\" \/>\n<meta property=\"og:locale\" content=\"en_GB\" \/>\n<meta property=\"og:type\" content=\"article\" \/>\n<meta property=\"og:title\" content=\"terms of participation - stylink - affiliate platform for influencers\" \/>\n<meta property=\"og:description\" content=\"Conditions of participationWin an exclusive H&amp;M campaign with stylink You must be at least 18 years old - resident in the UK.&nbsp; You automatically enter into the competition after you register on our affiliate platform. 3 new registered users have the chance to win. If you win we will contact you by email on 31st October 2022 with all the ...\" \/>\n<meta property=\"og:url\" content=\"https:\/\/www.stylink.com\/en\/ims_london_terms_of_participation\/\" \/>\n<meta property=\"og:site_name\" content=\"stylink - affiliate platform for influencers\" \/>\n<meta property=\"article:modified_time\" content=\"2022-09-27T09:38:14+00:00\" \/>\n<meta property=\"og:image\" content=\"https:\/\/www.stylink.com\/wp-content\/uploads\/2025\/03\/stylink-screenshot.webp\" \/>\n\t<meta property=\"og:image:width\" content=\"1440\" \/>\n\t<meta property=\"og:image:height\" content=\"795\" \/>\n\t<meta property=\"og:image:type\" content=\"image\/webp\" \/>\n<meta name=\"twitter:card\" content=\"summary_large_image\" \/>\n<script type=\"application\/ld+json\" class=\"yoast-schema-graph\">{\"@context\":\"https:\\\/\\\/schema.org\",\"@graph\":[{\"@type\":\"WebPage\",\"@id\":\"https:\\\/\\\/www.stylink.com\\\/en\\\/ims_london_terms_of_participation\\\/\",\"url\":\"https:\\\/\\\/www.stylink.com\\\/en\\\/ims_london_terms_of_participation\\\/\",\"name\":\"terms of participation - stylink - affiliate platform for influencers\",\"isPartOf\":{\"@id\":\"https:\\\/\\\/www.stylink.com\\\/en\\\/#website\"},\"datePublished\":\"2022-08-10T12:23:39+00:00\",\"dateModified\":\"2022-09-27T09:38:14+00:00\",\"breadcrumb\":{\"@id\":\"https:\\\/\\\/www.stylink.com\\\/en\\\/ims_london_terms_of_participation\\\/#breadcrumb\"},\"inLanguage\":\"en-GB\",\"potentialAction\":[{\"@type\":\"ReadAction\",\"target\":[\"https:\\\/\\\/www.stylink.com\\\/en\\\/ims_london_terms_of_participation\\\/\"]}]},{\"@type\":\"BreadcrumbList\",\"@id\":\"https:\\\/\\\/www.stylink.com\\\/en\\\/ims_london_terms_of_participation\\\/#breadcrumb\",\"itemListElement\":[{\"@type\":\"ListItem\",\"position\":1,\"name\":\"Startseite\",\"item\":\"https:\\\/\\\/www.stylink.com\\\/en\\\/join-our-stylink-community-and-monetize-your-content\\\/\"},{\"@type\":\"ListItem\",\"position\":2,\"name\":\"terms of participation\"}]},{\"@type\":\"WebSite\",\"@id\":\"https:\\\/\\\/www.stylink.com\\\/en\\\/#website\",\"url\":\"https:\\\/\\\/www.stylink.com\\\/en\\\/\",\"name\":\"stylink - Verg\u00fctungs-Plattform f\u00fcr Influencer\",\"description\":\"Verg\u00fctungs-Plattform f\u00fcr Creators\",\"publisher\":{\"@id\":\"https:\\\/\\\/www.stylink.com\\\/en\\\/#organization\"},\"alternateName\":\"stylink Social Media GmbH\",\"potentialAction\":[{\"@type\":\"SearchAction\",\"target\":{\"@type\":\"EntryPoint\",\"urlTemplate\":\"https:\\\/\\\/www.stylink.com\\\/en\\\/?s={search_term_string}\"},\"query-input\":{\"@type\":\"PropertyValueSpecification\",\"valueRequired\":true,\"valueName\":\"search_term_string\"}}],\"inLanguage\":\"en-GB\"},{\"@type\":\"Organization\",\"@id\":\"https:\\\/\\\/www.stylink.com\\\/en\\\/#organization\",\"name\":\"stylink Social Media GmbH\",\"alternateName\":\"stylink \u2013 Verg\u00fctungs-Plattform f\u00fcr Influencer\",\"url\":\"https:\\\/\\\/www.stylink.com\\\/en\\\/\",\"logo\":{\"@type\":\"ImageObject\",\"inLanguage\":\"en-GB\",\"@id\":\"https:\\\/\\\/www.stylink.com\\\/en\\\/#\\\/schema\\\/logo\\\/image\\\/\",\"url\":\"https:\\\/\\\/www.stylink.com\\\/wp-content\\\/uploads\\\/2020\\\/01\\\/stylink-verguetungsplattform-logo-favicon-1.jpg\",\"contentUrl\":\"https:\\\/\\\/www.stylink.com\\\/wp-content\\\/uploads\\\/2020\\\/01\\\/stylink-verguetungsplattform-logo-favicon-1.jpg\",\"width\":600,\"height\":600,\"caption\":\"stylink Social Media GmbH\"},\"image\":{\"@id\":\"https:\\\/\\\/www.stylink.com\\\/en\\\/#\\\/schema\\\/logo\\\/image\\\/\"},\"sameAs\":[\"https:\\\/\\\/www.instagram.com\\\/stylinkofficial\\\/\",\"https:\\\/\\\/www.linkedin.com\\\/company\\\/stylink-social-media\"]}]}<\/script>","yoast_head_json":{"title":"terms of participation - stylink - affiliate platform for influencers","robots":{"index":"index","follow":"follow","max-snippet":"max-snippet:-1","max-image-preview":"max-image-preview:large","max-video-preview":"max-video-preview:-1"},"canonical":"https:\/\/www.stylink.com\/en\/ims_london_terms_of_participation\/","og_locale":"en_GB","og_type":"article","og_title":"terms of participation - stylink - affiliate platform for influencers","og_description":"Conditions of participationWin an exclusive H&amp;M campaign with stylink You must be at least 18 years old - resident in the UK.&nbsp; You automatically enter into the competition after you register on our affiliate platform. 3 new registered users have the chance to win. If you win we will contact you by email on 31st October 2022 with all the ...","og_url":"https:\/\/www.stylink.com\/en\/ims_london_terms_of_participation\/","og_site_name":"stylink - affiliate platform for influencers","article_modified_time":"2022-09-27T09:38:14+00:00","og_image":[{"width":1440,"height":795,"url":"https:\/\/www.stylink.com\/wp-content\/uploads\/2025\/03\/stylink-screenshot.webp","type":"image\/webp"}],"twitter_card":"summary_large_image","schema":{"@context":"https:\/\/schema.org","@graph":[{"@type":"WebPage","@id":"https:\/\/www.stylink.com\/en\/ims_london_terms_of_participation\/","url":"https:\/\/www.stylink.com\/en\/ims_london_terms_of_participation\/","name":"terms of participation - stylink - affiliate platform for influencers","isPartOf":{"@id":"https:\/\/www.stylink.com\/en\/#website"},"datePublished":"2022-08-10T12:23:39+00:00","dateModified":"2022-09-27T09:38:14+00:00","breadcrumb":{"@id":"https:\/\/www.stylink.com\/en\/ims_london_terms_of_participation\/#breadcrumb"},"inLanguage":"en-GB","potentialAction":[{"@type":"ReadAction","target":["https:\/\/www.stylink.com\/en\/ims_london_terms_of_participation\/"]}]},{"@type":"BreadcrumbList","@id":"https:\/\/www.stylink.com\/en\/ims_london_terms_of_participation\/#breadcrumb","itemListElement":[{"@type":"ListItem","position":1,"name":"Startseite","item":"https:\/\/www.stylink.com\/en\/join-our-stylink-community-and-monetize-your-content\/"},{"@type":"ListItem","position":2,"name":"terms of participation"}]},{"@type":"WebSite","@id":"https:\/\/www.stylink.com\/en\/#website","url":"https:\/\/www.stylink.com\/en\/","name":"stylink - Verg\u00fctungs-Plattform f\u00fcr Influencer","description":"Verg\u00fctungs-Plattform f\u00fcr Creators","publisher":{"@id":"https:\/\/www.stylink.com\/en\/#organization"},"alternateName":"stylink Social Media GmbH","potentialAction":[{"@type":"SearchAction","target":{"@type":"EntryPoint","urlTemplate":"https:\/\/www.stylink.com\/en\/?s={search_term_string}"},"query-input":{"@type":"PropertyValueSpecification","valueRequired":true,"valueName":"search_term_string"}}],"inLanguage":"en-GB"},{"@type":"Organization","@id":"https:\/\/www.stylink.com\/en\/#organization","name":"stylink Social Media GmbH","alternateName":"stylink \u2013 Verg\u00fctungs-Plattform f\u00fcr Influencer","url":"https:\/\/www.stylink.com\/en\/","logo":{"@type":"ImageObject","inLanguage":"en-GB","@id":"https:\/\/www.stylink.com\/en\/#\/schema\/logo\/image\/","url":"https:\/\/www.stylink.com\/wp-content\/uploads\/2020\/01\/stylink-verguetungsplattform-logo-favicon-1.jpg","contentUrl":"https:\/\/www.stylink.com\/wp-content\/uploads\/2020\/01\/stylink-verguetungsplattform-logo-favicon-1.jpg","width":600,"height":600,"caption":"stylink Social Media GmbH"},"image":{"@id":"https:\/\/www.stylink.com\/en\/#\/schema\/logo\/image\/"},"sameAs":["https:\/\/www.instagram.com\/stylinkofficial\/","https:\/\/www.linkedin.com\/company\/stylink-social-media"]}]}},"_links":{"self":[{"href":"https:\/\/www.stylink.com\/en\/wp-json\/wp\/v2\/pages\/26898","targetHints":{"allow":["GET"]}}],"collection":[{"href":"https:\/\/www.stylink.com\/en\/wp-json\/wp\/v2\/pages"}],"about":[{"href":"https:\/\/www.stylink.com\/en\/wp-json\/wp\/v2\/types\/page"}],"author":[{"embeddable":true,"href":"https:\/\/www.stylink.com\/en\/wp-json\/wp\/v2\/users\/5"}],"replies":[{"embeddable":true,"href":"https:\/\/www.stylink.com\/en\/wp-json\/wp\/v2\/comments?post=26898"}],"version-history":[{"count":0,"href":"https:\/\/www.stylink.com\/en\/wp-json\/wp\/v2\/pages\/26898\/revisions"}],"wp:attachment":[{"href":"https:\/\/www.stylink.com\/en\/wp-json\/wp\/v2\/media?parent=26898"}],"curies":[{"name":"wp","href":"https:\/\/api.w.org\/{rel}","templated":true}]}}