{"id":4101,"date":"2019-11-04T13:32:36","date_gmt":"2019-11-04T12:32:36","guid":{"rendered":"https:\/\/www.stylink.com\/lerne-stylink-kennen\/"},"modified":"2025-10-22T09:23:56","modified_gmt":"2025-10-22T07:23:56","slug":"connaitre-stylink","status":"publish","type":"page","link":"https:\/\/www.stylink.com\/fr\/connaitre-stylink\/","title":{"rendered":"Conna\u00eetre stylink"},"content":{"rendered":"<div id=\"cs-content\" class=\"cs-content\"><div class=\"x-section e4101-e1 m35x-0 m35x-1\"><div class=\"x-row x-container max width e4101-e2 m35x-8 m35x-9 m35x-a m35x-b m35x-e m35x-f\"><div class=\"x-row-inner\"><div class=\"x-col e4101-e3 m35x-j\"><span class=\"x-image e4101-e4 m35x-m paddingbild\"><img decoding=\"async\" src=\"\" alt=\"stylink, verg\u00fctungs-plattform, influencer, geld verdienen instagram, geld verdienen youtube, Stories\"><\/span><\/div><\/div><\/div><\/div><div class=\"x-section e4101-e5 m35x-0 m35x-2 m35x-3 paddinghandy\"><div class=\"x-container max width e4101-e6 m35x-n m35x-o m35x-p\"><div class=\"x-column x-sm x-1-1 e4101-e7 m35x-t m35x-u m35x-v\"><a class=\"x-anchor x-anchor-button x-hide-lg x-hide-md x-hide-xl e4101-e8 m35x-11 m35x-12 m35x-13\" tabindex=\"0\" href=\"https:\/\/app.stylink.com\/login?locale=de\" target=\"_blank\" rel=\"noopener noreferrer\"><div class=\"x-anchor-content\"><div class=\"x-anchor-text\"><span class=\"x-anchor-text-primary\">JETZT ANMELDEN<\/span><\/div><\/div><\/a><div class=\"x-text x-content e4101-e9 m35x-16 m35x-17 m35x-18\"><h1><span style=\"font-weight: 300;\">stylink :<\/span> montre &agrave; tes followers ce qui te pla&icirc;t<\/h1><\/div><div class=\"x-text x-content e4101-e10 m35x-16 m35x-17 m35x-18 m35x-19\"><p style=\"text-align: left;\">stylink est une forte communaut&eacute; qui regroupe des <strong>influenceurs<\/strong> et des <strong>youtubeurs<\/strong> que nous mettons en relation avec des boutiques en ligne renomm&eacute;es. Nous renfor&ccedil;ons la relation avec tes <strong>followers<\/strong> et nous sommes ton relais vers des collaborations passionnantes.<br \/><br \/>Selon nous : Lorsque vous partagez quelque chose de beau et d'utile avec vos abonn&eacute;s sur <strong>Instagram<\/strong> ou <strong>YouTube<\/strong>, vous gagnez plus qu'un &laquo; <strong>J&rsquo;aime<\/strong> &raquo;. Chez nous, vous serez r&eacute;mun&eacute;r&eacute; pour cela, avec un paiement instantan&eacute; si vous le souhaitez !<\/p>\n<p>Gr&acirc;ce &agrave; notre <strong>Linkmaker<\/strong> gratuit, tu peux cr&eacute;er des liens vers tes <strong>produits pr&eacute;f&eacute;r&eacute;s<\/strong> et les partager avec tes followers. Montre &agrave; tes followers ce que tu aimes et partages ton <strong>inspiration<\/strong> sur ta <strong>Story Insta<\/strong> ou bien sur YouTube. Il suffit d'un clic ou d&rsquo;un <strong>Link Sticker<\/strong> pour que tes followers atterrissent sur ton objet pr&eacute;f&eacute;r&eacute;. Pour savoir exactement comment fonctionne Linkmaker, consulte <a href=\"https:\/\/www.stylink.com\/fr\/instructions\/\">notre tutoriel<\/a>.<\/p>\n<p>Le Linkmaker est bien plus qu'un simple cr&eacute;ateur de liens. Gr&acirc;ce &agrave; notre propre exp&eacute;rience dans le <strong>marketing chez les influenceurs<\/strong>, nous connaissons les challenges que tu peux rencontrer, et nous sommes l&agrave; pour t&rsquo;aider. Nous sommes votre lien avec de grandes boutiques en ligne r&eacute;put&eacute;es et nous y d&eacute;fendons tes int&eacute;r&ecirc;ts.<\/p>\n<p>Le Linkmaker est fait pour tous, peut-importe que tu sois un <strong>micro-influenceur<\/strong> ou un influenceur de grande envergure. Nous sommes l&agrave; pour t'aider &agrave; tirer le meilleur parti de ton <strong>r&eacute;seau d&rsquo;influence<\/strong>, y compris sur le plan financier.<\/p><\/div><\/div><\/div><\/div><div class=\"x-section e4101-e11 m35x-0 m35x-2 m35x-4\"><div class=\"x-row x-container max width e4101-e12 m35x-8 m35x-a m35x-c m35x-e m35x-g\"><div class=\"x-row-inner\"><div class=\"x-col e4101-e13 m35x-j\"><div class=\"x-text x-content e4101-e14 m35x-16 m35x-17 m35x-18\"><h3>Inscris-toi gratuitement chez stylink et teste-le. Nous esp\u00e9rons vivement te compter parmi nous !<\/h3><\/div><a class=\"x-anchor x-anchor-button e4101-e15 m35x-11 m35x-12 m35x-14\" tabindex=\"0\" href=\"https:\/\/app.stylink.com\/registration\/register?locale=fr\" target=\"_blank\" rel=\"noopener noreferrer\"><div class=\"x-anchor-content\"><div class=\"x-anchor-text\"><span class=\"x-anchor-text-primary\">S'inscrire<\/span><\/div><\/div><\/a><\/div><div class=\"x-col e4101-e16 m35x-j\"><div class=\"x-frame x-frame-video-embed e4101-e17 m35x-1d m35x-1e\"><div class=\"x-frame-inner\"><div class=\"x-video x-video-embed\"><iframe loading=\"lazy\" width=\"560\" height=\"315\" src=\"https:\/\/www.youtube.com\/embed\/J68jSpZWVnM\" frameborder=\"0\" allow=\"accelerometer; autoplay; clipboard-write; encrypted-media; gyroscope; picture-in-picture\" allowfullscreen><\/iframe><\/div><\/div><\/div><\/div><\/div><\/div><\/div><div class=\"x-section e4101-e18 m35x-0 m35x-2 m35x-3\"><div class=\"x-container marginless-columns e4101-e19 m35x-n m35x-o m35x-q flexmethod\"><div class=\"x-column x-sm x-1-2 e4101-e20 m35x-t m35x-v m35x-w m35x-x center paddinghandy\"><div class=\"x-container e4101-e21 m35x-n m35x-o m35x-r\"><div class=\"x-column x-sm x-1-1 e4101-e22 m35x-t m35x-y\" data-fade=\"1\" data-x-element=\"column\" data-x-params=\"{&quot;fade&quot;:true}\" style=\"opacity: 0; transform: translate(-, 0); transition-duration: 4s;\"><div class=\"x-text x-content e4101-e23 m35x-16 m35x-17 m35x-18 m35x-1a\"><h2><span style=\"color: #ffffff;\">Nous aimons rapprocher tout un chacun de nouvelles inspirations et de nouveaux produits !<\/span><\/h2><\/div><\/div><\/div><\/div><div class=\"x-column x-sm x-1-2 e4101-e24 m35x-t m35x-v m35x-x m35x-z\"><div class=\"x-bg\" aria-hidden=\"true\"><div class=\"x-bg-layer-lower-image\" data-x-element-bg-layer=\"{&quot;parallaxSize&quot;:&quot;105%&quot;,&quot;parallaxDir&quot;:&quot;v&quot;,&quot;parallaxRev&quot;:false}\"><\/div><\/div>&nbsp;<\/div><\/div><\/div><div class=\"x-section e4101-e25 m35x-0 m35x-4 m35x-5\"><div class=\"x-container max width e4101-e26 m35x-n m35x-o m35x-q\"><div class=\"x-column x-sm x-1-1 e4101-e27 m35x-t m35x-u m35x-v\"><div class=\"x-text x-content e4101-e28 m35x-17 m35x-18 m35x-1b\"><h3 style=\"text-align: center;\">Ce qui nous distingue ?<\/span><\/h3><\/div><\/div><\/div><div class=\"x-row e4101-e29 m35x-8 m35x-b m35x-d m35x-e m35x-h\"><div class=\"x-row-inner\"><div class=\"x-col e4101-e30 m35x-j m35x-k\"><span class=\"x-image e4101-e31 m35x-m\"><img decoding=\"async\" src=\"https:\/\/www.stylink.com\/wp-content\/uploads\/2020\/08\/stylink_sofortauszahlung_influencer_plattform.jpg\" width=\"1000\" height=\"552\" alt=\"stylink, verg\u00fctungs-plattform, influencer, geld verdienen instagram, geld verdienen youtube, begeisterung\" loading=\"lazy\"><\/span><div class=\"x-text x-content e4101-e32 m35x-17 m35x-1c texthomevorteilepadding\"><h4>Paiement instantan&eacute; :<\/h4>\n<p style=\"text-align: left;\">Tes followers peuvent faire glisser ta story vers le haut ou encore cliquer sur ton lien de recommandation et acc&eacute;der directement &agrave; ton article pr&eacute;f&eacute;r&eacute; dans la boutique en ligne. Tu gagnes de l'argent &agrave; chaque clic sur le lien. Pas besoin d'attendre pour toucher tes gains &ndash; stylink offre un paiement instantan&eacute;. En semaine, nous r&eacute;alisons le virement dans les 24 heures suivant la demande !<\/p><\/div><\/div><div class=\"x-col e4101-e33 m35x-j m35x-k\"><span class=\"x-image e4101-e34 m35x-m\"><img decoding=\"async\" src=\"https:\/\/www.stylink.com\/wp-content\/uploads\/2020\/08\/stylink_kooperation_influencer_plattform.jpg\" width=\"1000\" height=\"552\" alt=\"stylink, verg\u00fctungs-plattform, influencer, geld verdienen instagram, geld verdienen youtube\" loading=\"lazy\"><\/span><div class=\"x-text x-content e4101-e35 m35x-17 m35x-1c texthomevorteilepadding\"><h4>Partenariats avec des marques connues :<\/h4>\n<p style=\"text-align: left;\">Nous travaillons depuis plusieurs ann&eacute;es avec de grandes boutiques en ligne telles que Mango, asos, boohoo, et bien d'autres encore. Nous avons pu y n&eacute;gocier les meilleures conditions pour la compensation par clic et donc pour toi. Chez stylink, tu as la possibilit&eacute; d'obtenir des coop&eacute;rations passionnantes et durables avec nos marques partenaires.&nbsp;<\/p><\/div><\/div><div class=\"x-col e4101-e36 m35x-j m35x-l\"><span class=\"x-image e4101-e37 m35x-m\"><img decoding=\"async\" src=\"https:\/\/www.stylink.com\/wp-content\/uploads\/2020\/08\/stylink_community_influencer_plattform.jpg\" width=\"1000\" height=\"552\" alt=\"stylink, verg\u00fctungs-plattform, influencer, geld verdienen instagram, geld verdienen youtube, aufrichtigkeit\" loading=\"lazy\"><\/span><div class=\"x-text x-content e4101-e38 m35x-17 m35x-1c texthomevorteilepadding\"><h4>Notre communaut\u00e9 :<\/h4>\n<p style=\"text-align: left;\"><span>La communaut\u00e9 stylink est vaste et s'agrandit chaque jour. En diffusant les contenus des membres notre communaut\u00e9, noux partageons avec toi l\u2019\u00e9tendue de notre r\u00e9seau d\u2019influence. Nous te donnons \u00e9galement des conseils sur la mani\u00e8re d'utiliser le plus efficacement le Linkmaker, et, nous sommes comme toujours plus qu\u2019heureux de t\u2019offrir un soutien personnalis\u00e9.\u00a0<\/span><\/p><\/div><\/div><\/div><\/div><\/div><div class=\"x-section e4101-e39 m35x-0 m35x-2 m35x-3 col-4\"><div class=\"x-container marginless-columns e4101-e40 m35x-o m35x-q m35x-s\"><div class=\"x-column x-sm x-1-4 e4101-e41 m35x-t m35x-u m35x-v m35x-10\" data-fade=\"1\" data-x-element=\"column\" data-x-params=\"{&quot;fade&quot;:true}\" style=\"opacity: 0;transition-duration: 3s;\"><span class=\"x-image e4101-e42 m35x-m\"><img decoding=\"async\" src=\"https:\/\/www.stylink.com\/wp-content\/uploads\/2019\/08\/stylink-verguetungs-plattform-fuer-influencer-pic-12.jpg\" width=\"1000\" height=\"1000\" alt=\"stylink, verg\u00fctungs-plattform, influencer, geld verdienen instagram, geld verdienen youtube\" loading=\"lazy\"><\/span><\/div><div class=\"x-column x-sm x-1-4 e4101-e43 m35x-t m35x-u m35x-v\" data-fade=\"1\" data-x-element=\"column\" data-x-params=\"{&quot;fade&quot;:true}\" style=\"opacity: 0;transition-duration: 3s;\"><span class=\"x-image e4101-e44 m35x-m\"><img decoding=\"async\" src=\"https:\/\/www.stylink.com\/wp-content\/uploads\/2019\/08\/stylink-verguetungs-plattform-fuer-influencer-pic-2.jpg\" width=\"1000\" height=\"1000\" alt=\"stylink, verg\u00fctungs-plattform, influencer, geld verdienen instagram, geld verdienen youtube\" loading=\"lazy\"><\/span><\/div><div class=\"x-column x-sm x-1-4 e4101-e45 m35x-t m35x-u m35x-v\" data-fade=\"1\" data-x-element=\"column\" data-x-params=\"{&quot;fade&quot;:true}\" style=\"opacity: 0;transition-duration: 3s;\"><span class=\"x-image e4101-e46 m35x-m\"><img decoding=\"async\" src=\"https:\/\/www.stylink.com\/wp-content\/uploads\/2019\/08\/stylink-verguetungs-plattform-fuer-influencer-pic-15.jpg\" width=\"1000\" height=\"1000\" alt=\"stylink, verg\u00fctungs-plattform, influencer, geld verdienen instagram, geld verdienen youtube\" loading=\"lazy\"><\/span><\/div><div class=\"x-column x-sm x-1-4 e4101-e47 m35x-t m35x-u m35x-v\" data-fade=\"1\" data-x-element=\"column\" data-x-params=\"{&quot;fade&quot;:true}\" style=\"opacity: 0;transition-duration: 3s;\"><span class=\"x-image e4101-e48 m35x-m\"><img decoding=\"async\" src=\"https:\/\/www.stylink.com\/wp-content\/uploads\/2019\/08\/stylink-verguetungs-plattform-fuer-influencer-pic-14.jpg\" width=\"1000\" height=\"1000\" alt=\"stylink, verg\u00fctungs-plattform, influencer, geld verdienen instagram, geld verdienen youtube\" loading=\"lazy\"><\/span><\/div><\/div><\/div><div class=\"x-section e4101-e49 m35x-0 m35x-6 m35x-7 paddinghandy\"><div class=\"x-container max width marginless-columns e4101-e50 m35x-n m35x-o m35x-q smallwidth\"><div class=\"x-column x-sm x-1-1 e4101-e51 m35x-t m35x-u m35x-v m35x-10\"><div class=\"x-text x-content e4101-e52 m35x-16 m35x-17 m35x-18\"><h3>Rejoins la communaut\u00e9 stylink !<\/h3>\n<\/div><div class=\"x-text x-text-headline e4101-e53 m35x-1f\"><div class=\"x-text-content\"><div class=\"x-text-content-text\"><span class=\"x-text-content-text-primary\"><p>Notre communaut\u00e9 grandit de jour en jour, rejoins notre r\u00e9seau unique ! Inscris-toi simplement et gratuitement chez stylink.<\/p><\/span>\n<\/div><\/div><\/div><a class=\"x-anchor x-anchor-button e4101-e54 m35x-11 m35x-14 m35x-15\" tabindex=\"0\" href=\"https:\/\/app.stylink.com\/registration\/register?locale=fr\"><div class=\"x-anchor-content\"><div class=\"x-anchor-text\"><span class=\"x-anchor-text-primary\">S'inscrire<\/span><\/div><\/div><\/a><\/div><\/div><\/div><div class=\"x-section e4101-e55 m35x-0 m35x-6\"><div class=\"x-row x-container max width e4101-e56 m35x-8 m35x-9 m35x-a m35x-b m35x-e m35x-i\"><div class=\"x-row-inner\"><div class=\"x-col e4101-e57 m35x-j\"><div class=\"x-text x-content e4101-e58 m35x-16 m35x-17 m35x-18\"><div class=\"cs-content x-global-block x-global-block-1172 e1172-e0\"><div class=\"x-section e1172-e2 mwk-0\"><div class=\"x-row x-container max width e1172-e3 mwk-1 mwk-2 mwk-4 mwk-5\"><div class=\"x-row-inner\"><div class=\"x-col e1172-e4 mwk-7\"><\/div><\/div><\/div><\/div><div class=\"x-section x-hide-lg x-hide-md x-hide-sm x-hide-xl x-hide-xs e1172-e6 mwk-0\"><div class=\"x-row x-container max width e1172-e7 mwk-1 mwk-3 mwk-4 mwk-6\"><div class=\"x-row-inner\"><div class=\"x-col e1172-e8 mwk-7\"><\/div><\/div><\/div><\/div><\/div><\/div><\/div><\/div><\/div><\/div><div class=\"x-section e4101-e59 m35x-0 m35x-2 m35x-3\"><div class=\"x-container e4101-e60 m35x-n m35x-o m35x-q\"><div class=\"x-column x-sm x-1-1 e4101-e61 m35x-t m35x-u m35x-v\"><div class=\"cs-content x-global-block x-global-block-4278 e4101-e62\"><div class=\"x-section e4278-e2 m3au-0 paddinghandy\"><div class=\"x-row x-container max width e4278-e3 m3au-1 m3au-2\"><div class=\"x-row-inner\"><div class=\"x-col e4278-e4 m3au-3\"><div id=\"support\" class=\"x-text x-content e4278-e5 m3au-4 m3au-5\"><h2>Une question ?<\/div><div class=\"x-text x-content e4278-e6 m3au-4 m3au-6 plimit\">Nous r\u00e9pondons dans notre <a href=\"https:\/\/helpcenter.stylink.com\/fr\" target=\"_blank\" rel=\"nofollow noopener noreferrer\">Help Center<\/a> \u00e0 beaucoup de questions concernant stylink. Tu peux \u00e9galement nous joindre \u00e0 tout moment par <a href=\"mailto:creators@stylink.com\">E-Mail<\/a>. On se fera un plaisir de t'accompagner personnellement et de clarifier ensemble les questions que tu peux avoir!<\/div><div class=\"x-div e4278-e7 m3au-7\"><a class=\"x-image e4278-e8 m3au-8 levitate\" href=\"mailto:creators@stylink.com\"><img decoding=\"async\" src=\"https:\/\/www.stylink.com\/wp-content\/uploads\/2025\/08\/icon-mail.png\" width=\"40\" height=\"40\" alt=\"Email.\" loading=\"lazy\"><\/a><a class=\"x-image e4278-e9 m3au-8 levitate\" href=\"https:\/\/helpcenter.stylink.com\/fr\" rel=\"nofollow noopener noreferrer\" target=\"_blank\"><img decoding=\"async\" src=\"https:\/\/www.stylink.com\/wp-content\/uploads\/2026\/02\/icon-help-center.png\" width=\"40\" height=\"40\" alt=\"stylink Help Center.\" loading=\"lazy\"><\/a><\/div><\/div><\/div><\/div><\/div><\/div><\/div><\/div><\/div><\/div>","protected":false},"excerpt":{"rendered":"<p>JETZT ANMELDENstylink : montre &agrave; tes followers ce qui te pla&icirc;tstylink est une forte communaut&eacute; qui regroupe des influenceurs et des youtubeurs que nous mettons en relation avec des boutiques en ligne renomm&eacute;es. Nous renfor&ccedil;ons la relation avec tes followers et nous sommes ton relais vers des collaborations passionnantes.Selon nous : Lorsque vous partagez quelque chose de beau et d&rsquo;utile &#8230;<\/p>\n","protected":false},"author":2,"featured_media":0,"parent":0,"menu_order":888,"comment_status":"closed","ping_status":"closed","template":"template-blank-4.php","meta":{"rs_blank_template":"","rs_page_bg_color":"","slide_template_v7":"","footnotes":""},"class_list":["post-4101","page","type-page","status-publish","hentry","no-post-thumbnail"],"yoast_head":"<title>Montre \u00e0 tes followers ce que tu aimes - Bienvenue sur stylink !<\/title>\n<meta name=\"description\" content=\"Montre \u00e0 tes abonn\u00e9s sur YouTube et Instagram tes produits pr\u00e9f\u00e9r\u00e9s - tu es r\u00e9mun\u00e9r\u00e9 pour cela. stylink te soutient. Inscris-toi maintenant !\" \/>\n<meta name=\"robots\" content=\"noindex, nofollow\" \/>\n<meta property=\"og:locale\" content=\"fr_FR\" \/>\n<meta property=\"og:type\" content=\"article\" \/>\n<meta property=\"og:title\" content=\"Montre \u00e0 tes followers ce que tu aimes - Bienvenue sur stylink !\" \/>\n<meta property=\"og:description\" content=\"Montre \u00e0 tes abonn\u00e9s sur YouTube et Instagram tes produits pr\u00e9f\u00e9r\u00e9s - tu es r\u00e9mun\u00e9r\u00e9 pour cela. stylink te soutient. Inscris-toi maintenant !\" \/>\n<meta property=\"og:url\" content=\"https:\/\/www.stylink.com\/fr\/connaitre-stylink\/\" \/>\n<meta property=\"og:site_name\" content=\"stylink - Plateforme de r\u00e9mun\u00e9ration pour les influenceurs\" \/>\n<meta property=\"article:modified_time\" content=\"2025-10-22T07:23:56+00:00\" \/>\n<meta property=\"og:image\" content=\"https:\/\/www.stylink.com\/wp-content\/uploads\/2020\/08\/stylink_influencer_marketing.jpg\" \/>\n\t<meta property=\"og:image:width\" content=\"1200\" \/>\n\t<meta property=\"og:image:height\" content=\"627\" \/>\n\t<meta property=\"og:image:type\" content=\"image\/jpeg\" \/>\n<meta name=\"twitter:card\" content=\"summary_large_image\" \/>\n<meta name=\"twitter:label1\" content=\"Dur\u00e9e de lecture estim\u00e9e\" \/>\n\t<meta name=\"twitter:data1\" content=\"2 minutes\" \/>\n<script type=\"application\/ld+json\" class=\"yoast-schema-graph\">{\"@context\":\"https:\\\/\\\/schema.org\",\"@graph\":[{\"@type\":\"WebPage\",\"@id\":\"https:\\\/\\\/www.stylink.com\\\/fr\\\/connaitre-stylink\\\/\",\"url\":\"https:\\\/\\\/www.stylink.com\\\/fr\\\/connaitre-stylink\\\/\",\"name\":\"Montre \u00e0 tes followers ce que tu aimes - Bienvenue sur stylink !\",\"isPartOf\":{\"@id\":\"https:\\\/\\\/www.stylink.com\\\/fr\\\/#website\"},\"primaryImageOfPage\":{\"@id\":\"https:\\\/\\\/www.stylink.com\\\/fr\\\/connaitre-stylink\\\/#primaryimage\"},\"image\":{\"@id\":\"https:\\\/\\\/www.stylink.com\\\/fr\\\/connaitre-stylink\\\/#primaryimage\"},\"thumbnailUrl\":\"https:\\\/\\\/www.stylink.com\\\/wp-content\\\/uploads\\\/2020\\\/06\\\/stylink-geld-verdienen-bild-de-1.jpg\",\"datePublished\":\"2019-11-04T12:32:36+00:00\",\"dateModified\":\"2025-10-22T07:23:56+00:00\",\"description\":\"Montre \u00e0 tes abonn\u00e9s sur YouTube et Instagram tes produits pr\u00e9f\u00e9r\u00e9s - tu es r\u00e9mun\u00e9r\u00e9 pour cela. stylink te soutient. Inscris-toi maintenant !\",\"breadcrumb\":{\"@id\":\"https:\\\/\\\/www.stylink.com\\\/fr\\\/connaitre-stylink\\\/#breadcrumb\"},\"inLanguage\":\"fr-FR\",\"potentialAction\":[{\"@type\":\"ReadAction\",\"target\":[\"https:\\\/\\\/www.stylink.com\\\/fr\\\/connaitre-stylink\\\/\"]}]},{\"@type\":\"ImageObject\",\"inLanguage\":\"fr-FR\",\"@id\":\"https:\\\/\\\/www.stylink.com\\\/fr\\\/connaitre-stylink\\\/#primaryimage\",\"url\":\"https:\\\/\\\/www.stylink.com\\\/wp-content\\\/uploads\\\/2020\\\/06\\\/stylink-geld-verdienen-bild-de-1.jpg\",\"contentUrl\":\"https:\\\/\\\/www.stylink.com\\\/wp-content\\\/uploads\\\/2020\\\/06\\\/stylink-geld-verdienen-bild-de-1.jpg\"},{\"@type\":\"BreadcrumbList\",\"@id\":\"https:\\\/\\\/www.stylink.com\\\/fr\\\/connaitre-stylink\\\/#breadcrumb\",\"itemListElement\":[{\"@type\":\"ListItem\",\"position\":1,\"name\":\"Startseite\",\"item\":\"https:\\\/\\\/www.stylink.com\\\/fr\\\/start-fr\\\/\"},{\"@type\":\"ListItem\",\"position\":2,\"name\":\"Conna\u00eetre stylink\"}]},{\"@type\":\"WebSite\",\"@id\":\"https:\\\/\\\/www.stylink.com\\\/fr\\\/#website\",\"url\":\"https:\\\/\\\/www.stylink.com\\\/fr\\\/\",\"name\":\"stylink - Verg\u00fctungs-Plattform f\u00fcr Influencer\",\"description\":\"Verg\u00fctungs-Plattform f\u00fcr Creators\",\"publisher\":{\"@id\":\"https:\\\/\\\/www.stylink.com\\\/fr\\\/#organization\"},\"alternateName\":\"stylink Social Media GmbH\",\"potentialAction\":[{\"@type\":\"SearchAction\",\"target\":{\"@type\":\"EntryPoint\",\"urlTemplate\":\"https:\\\/\\\/www.stylink.com\\\/fr\\\/?s={search_term_string}\"},\"query-input\":{\"@type\":\"PropertyValueSpecification\",\"valueRequired\":true,\"valueName\":\"search_term_string\"}}],\"inLanguage\":\"fr-FR\"},{\"@type\":\"Organization\",\"@id\":\"https:\\\/\\\/www.stylink.com\\\/fr\\\/#organization\",\"name\":\"stylink Social Media GmbH\",\"alternateName\":\"stylink \u2013 Verg\u00fctungs-Plattform f\u00fcr Influencer\",\"url\":\"https:\\\/\\\/www.stylink.com\\\/fr\\\/\",\"logo\":{\"@type\":\"ImageObject\",\"inLanguage\":\"fr-FR\",\"@id\":\"https:\\\/\\\/www.stylink.com\\\/fr\\\/#\\\/schema\\\/logo\\\/image\\\/\",\"url\":\"https:\\\/\\\/www.stylink.com\\\/wp-content\\\/uploads\\\/2020\\\/01\\\/stylink-verguetungsplattform-logo-favicon-1.jpg\",\"contentUrl\":\"https:\\\/\\\/www.stylink.com\\\/wp-content\\\/uploads\\\/2020\\\/01\\\/stylink-verguetungsplattform-logo-favicon-1.jpg\",\"width\":600,\"height\":600,\"caption\":\"stylink Social Media GmbH\"},\"image\":{\"@id\":\"https:\\\/\\\/www.stylink.com\\\/fr\\\/#\\\/schema\\\/logo\\\/image\\\/\"},\"sameAs\":[\"https:\\\/\\\/www.instagram.com\\\/stylinkofficial\\\/\",\"https:\\\/\\\/www.linkedin.com\\\/company\\\/stylink-social-media\"]}]}<\/script>","yoast_head_json":{"title":"Montre \u00e0 tes followers ce que tu aimes - Bienvenue sur stylink !","description":"Montre \u00e0 tes abonn\u00e9s sur YouTube et Instagram tes produits pr\u00e9f\u00e9r\u00e9s - tu es r\u00e9mun\u00e9r\u00e9 pour cela. stylink te soutient. Inscris-toi maintenant !","robots":{"index":"noindex","follow":"nofollow"},"og_locale":"fr_FR","og_type":"article","og_title":"Montre \u00e0 tes followers ce que tu aimes - Bienvenue sur stylink !","og_description":"Montre \u00e0 tes abonn\u00e9s sur YouTube et Instagram tes produits pr\u00e9f\u00e9r\u00e9s - tu es r\u00e9mun\u00e9r\u00e9 pour cela. stylink te soutient. Inscris-toi maintenant !","og_url":"https:\/\/www.stylink.com\/fr\/connaitre-stylink\/","og_site_name":"stylink - Plateforme de r\u00e9mun\u00e9ration pour les influenceurs","article_modified_time":"2025-10-22T07:23:56+00:00","og_image":[{"width":1200,"height":627,"url":"https:\/\/www.stylink.com\/wp-content\/uploads\/2020\/08\/stylink_influencer_marketing.jpg","type":"image\/jpeg"}],"twitter_card":"summary_large_image","twitter_misc":{"Dur\u00e9e de lecture estim\u00e9e":"2 minutes"},"schema":{"@context":"https:\/\/schema.org","@graph":[{"@type":"WebPage","@id":"https:\/\/www.stylink.com\/fr\/connaitre-stylink\/","url":"https:\/\/www.stylink.com\/fr\/connaitre-stylink\/","name":"Montre \u00e0 tes followers ce que tu aimes - Bienvenue sur stylink !","isPartOf":{"@id":"https:\/\/www.stylink.com\/fr\/#website"},"primaryImageOfPage":{"@id":"https:\/\/www.stylink.com\/fr\/connaitre-stylink\/#primaryimage"},"image":{"@id":"https:\/\/www.stylink.com\/fr\/connaitre-stylink\/#primaryimage"},"thumbnailUrl":"https:\/\/www.stylink.com\/wp-content\/uploads\/2020\/06\/stylink-geld-verdienen-bild-de-1.jpg","datePublished":"2019-11-04T12:32:36+00:00","dateModified":"2025-10-22T07:23:56+00:00","description":"Montre \u00e0 tes abonn\u00e9s sur YouTube et Instagram tes produits pr\u00e9f\u00e9r\u00e9s - tu es r\u00e9mun\u00e9r\u00e9 pour cela. stylink te soutient. Inscris-toi maintenant !","breadcrumb":{"@id":"https:\/\/www.stylink.com\/fr\/connaitre-stylink\/#breadcrumb"},"inLanguage":"fr-FR","potentialAction":[{"@type":"ReadAction","target":["https:\/\/www.stylink.com\/fr\/connaitre-stylink\/"]}]},{"@type":"ImageObject","inLanguage":"fr-FR","@id":"https:\/\/www.stylink.com\/fr\/connaitre-stylink\/#primaryimage","url":"https:\/\/www.stylink.com\/wp-content\/uploads\/2020\/06\/stylink-geld-verdienen-bild-de-1.jpg","contentUrl":"https:\/\/www.stylink.com\/wp-content\/uploads\/2020\/06\/stylink-geld-verdienen-bild-de-1.jpg"},{"@type":"BreadcrumbList","@id":"https:\/\/www.stylink.com\/fr\/connaitre-stylink\/#breadcrumb","itemListElement":[{"@type":"ListItem","position":1,"name":"Startseite","item":"https:\/\/www.stylink.com\/fr\/start-fr\/"},{"@type":"ListItem","position":2,"name":"Conna\u00eetre stylink"}]},{"@type":"WebSite","@id":"https:\/\/www.stylink.com\/fr\/#website","url":"https:\/\/www.stylink.com\/fr\/","name":"stylink - Verg\u00fctungs-Plattform f\u00fcr Influencer","description":"Verg\u00fctungs-Plattform f\u00fcr Creators","publisher":{"@id":"https:\/\/www.stylink.com\/fr\/#organization"},"alternateName":"stylink Social Media GmbH","potentialAction":[{"@type":"SearchAction","target":{"@type":"EntryPoint","urlTemplate":"https:\/\/www.stylink.com\/fr\/?s={search_term_string}"},"query-input":{"@type":"PropertyValueSpecification","valueRequired":true,"valueName":"search_term_string"}}],"inLanguage":"fr-FR"},{"@type":"Organization","@id":"https:\/\/www.stylink.com\/fr\/#organization","name":"stylink Social Media GmbH","alternateName":"stylink \u2013 Verg\u00fctungs-Plattform f\u00fcr Influencer","url":"https:\/\/www.stylink.com\/fr\/","logo":{"@type":"ImageObject","inLanguage":"fr-FR","@id":"https:\/\/www.stylink.com\/fr\/#\/schema\/logo\/image\/","url":"https:\/\/www.stylink.com\/wp-content\/uploads\/2020\/01\/stylink-verguetungsplattform-logo-favicon-1.jpg","contentUrl":"https:\/\/www.stylink.com\/wp-content\/uploads\/2020\/01\/stylink-verguetungsplattform-logo-favicon-1.jpg","width":600,"height":600,"caption":"stylink Social Media GmbH"},"image":{"@id":"https:\/\/www.stylink.com\/fr\/#\/schema\/logo\/image\/"},"sameAs":["https:\/\/www.instagram.com\/stylinkofficial\/","https:\/\/www.linkedin.com\/company\/stylink-social-media"]}]}},"_links":{"self":[{"href":"https:\/\/www.stylink.com\/fr\/wp-json\/wp\/v2\/pages\/4101","targetHints":{"allow":["GET"]}}],"collection":[{"href":"https:\/\/www.stylink.com\/fr\/wp-json\/wp\/v2\/pages"}],"about":[{"href":"https:\/\/www.stylink.com\/fr\/wp-json\/wp\/v2\/types\/page"}],"author":[{"embeddable":true,"href":"https:\/\/www.stylink.com\/fr\/wp-json\/wp\/v2\/users\/2"}],"replies":[{"embeddable":true,"href":"https:\/\/www.stylink.com\/fr\/wp-json\/wp\/v2\/comments?post=4101"}],"version-history":[{"count":2,"href":"https:\/\/www.stylink.com\/fr\/wp-json\/wp\/v2\/pages\/4101\/revisions"}],"predecessor-version":[{"id":116143,"href":"https:\/\/www.stylink.com\/fr\/wp-json\/wp\/v2\/pages\/4101\/revisions\/116143"}],"wp:attachment":[{"href":"https:\/\/www.stylink.com\/fr\/wp-json\/wp\/v2\/media?parent=4101"}],"curies":[{"name":"wp","href":"https:\/\/api.w.org\/{rel}","templated":true}]}}