{"id":32475,"date":"2022-08-10T14:23:39","date_gmt":"2022-08-10T12:23:39","guid":{"rendered":"https:\/\/www.stylink.com\/?page_id=32475"},"modified":"2024-03-20T08:29:26","modified_gmt":"2024-03-20T07:29:26","slug":"warunki-udzialu","status":"publish","type":"page","link":"https:\/\/www.stylink.com\/pl\/warunki-udzialu\/","title":{"rendered":"Warunki udzia\u0142u"},"content":{"rendered":"<div id=\"cs-content\" class=\"cs-content\"><\/div>\n","protected":false},"excerpt":{"rendered":"<p>Warunki udzia\u0142uWygraj ekskluzywn\u0105 kampani\u0119 H&amp;M wraz z stylink Musisz mie\u0107 uko\u0144czone 18 lat &#8211; mieszka\u0144cy Polski. Po zarejestrowaniu si\u0119 na naszej platformie polecaj\u0105cej, automatycznie bierzesz udzia\u0142 w konkursie. Trzej nowo zarejestrowani u\u017cytkownicy maj\u0105 szans\u0119 wygra\u0107. W przypadku wygranej skontaktujemy si\u0119 z Tob\u0105 31 pa\u017adziernika 2022 za pomoc\u0105 poczty elektronicznej i przeka\u017cemy Ci informacje na temat kampanii H&amp;M. Otrzymasz voucher o &#8230;<\/p>\n","protected":false},"author":5,"featured_media":0,"parent":0,"menu_order":888,"comment_status":"closed","ping_status":"closed","template":"template-blank-4.php","meta":{"rs_blank_template":"","rs_page_bg_color":"","slide_template_v7":"","footnotes":""},"class_list":["post-32475","page","type-page","status-publish","hentry","no-post-thumbnail"],"yoast_head":"<title>Warunki udzia\u0142u - stylink - platforma polecaj\u0105ca dla influence\u00f3w<\/title>\n<meta name=\"robots\" content=\"index, follow, max-snippet:-1, max-image-preview:large, max-video-preview:-1\" \/>\n<link rel=\"canonical\" href=\"https:\/\/www.stylink.com\/pl\/warunki-udzialu\/\" \/>\n<meta property=\"og:locale\" content=\"pl_PL\" \/>\n<meta property=\"og:type\" content=\"article\" \/>\n<meta property=\"og:title\" content=\"Warunki udzia\u0142u - stylink - platforma polecaj\u0105ca dla influence\u00f3w\" \/>\n<meta property=\"og:description\" content=\"Warunki udzia\u0142uWygraj ekskluzywn\u0105 kampani\u0119 H&amp;M wraz z stylink Musisz mie\u0107 uko\u0144czone 18 lat - mieszka\u0144cy Polski. Po zarejestrowaniu si\u0119 na naszej platformie polecaj\u0105cej, automatycznie bierzesz udzia\u0142 w konkursie. Trzej nowo zarejestrowani u\u017cytkownicy maj\u0105 szans\u0119 wygra\u0107. W przypadku wygranej skontaktujemy si\u0119 z Tob\u0105 31 pa\u017adziernika 2022 za pomoc\u0105 poczty elektronicznej i przeka\u017cemy Ci informacje na temat kampanii H&amp;M. Otrzymasz voucher o ...\" \/>\n<meta property=\"og:url\" content=\"https:\/\/www.stylink.com\/pl\/warunki-udzialu\/\" \/>\n<meta property=\"og:site_name\" content=\"stylink - platforma polecaj\u0105ca dla influence\u00f3w\" \/>\n<meta property=\"article:modified_time\" content=\"2024-03-20T07:29:26+00:00\" \/>\n<meta property=\"og:image\" content=\"https:\/\/www.stylink.com\/wp-content\/uploads\/2025\/03\/stylink-screenshot.webp\" \/>\n\t<meta property=\"og:image:width\" content=\"1440\" \/>\n\t<meta property=\"og:image:height\" content=\"795\" \/>\n\t<meta property=\"og:image:type\" content=\"image\/webp\" \/>\n<meta name=\"twitter:card\" content=\"summary_large_image\" \/>\n<meta name=\"twitter:label1\" content=\"Szacowany czas czytania\" \/>\n\t<meta name=\"twitter:data1\" content=\"1 minuta\" \/>\n<script type=\"application\/ld+json\" class=\"yoast-schema-graph\">{\"@context\":\"https:\\\/\\\/schema.org\",\"@graph\":[{\"@type\":\"WebPage\",\"@id\":\"https:\\\/\\\/www.stylink.com\\\/pl\\\/warunki-udzialu\\\/\",\"url\":\"https:\\\/\\\/www.stylink.com\\\/pl\\\/warunki-udzialu\\\/\",\"name\":\"Warunki udzia\u0142u - stylink - platforma polecaj\u0105ca dla influence\u00f3w\",\"isPartOf\":{\"@id\":\"https:\\\/\\\/www.stylink.com\\\/pl\\\/#website\"},\"datePublished\":\"2022-08-10T12:23:39+00:00\",\"dateModified\":\"2024-03-20T07:29:26+00:00\",\"breadcrumb\":{\"@id\":\"https:\\\/\\\/www.stylink.com\\\/pl\\\/warunki-udzialu\\\/#breadcrumb\"},\"inLanguage\":\"pl-PL\",\"potentialAction\":[{\"@type\":\"ReadAction\",\"target\":[\"https:\\\/\\\/www.stylink.com\\\/pl\\\/warunki-udzialu\\\/\"]}]},{\"@type\":\"BreadcrumbList\",\"@id\":\"https:\\\/\\\/www.stylink.com\\\/pl\\\/warunki-udzialu\\\/#breadcrumb\",\"itemListElement\":[{\"@type\":\"ListItem\",\"position\":1,\"name\":\"Startseite\",\"item\":\"https:\\\/\\\/www.stylink.com\\\/pl\\\/dolacz-do-naszej-spolecznosci-stylink-i-zarabiaj-na-swoich-tresciach\\\/\"},{\"@type\":\"ListItem\",\"position\":2,\"name\":\"Warunki udzia\u0142u\"}]},{\"@type\":\"WebSite\",\"@id\":\"https:\\\/\\\/www.stylink.com\\\/pl\\\/#website\",\"url\":\"https:\\\/\\\/www.stylink.com\\\/pl\\\/\",\"name\":\"stylink - Verg\u00fctungs-Plattform f\u00fcr Influencer\",\"description\":\"Verg\u00fctungs-Plattform f\u00fcr Creators\",\"publisher\":{\"@id\":\"https:\\\/\\\/www.stylink.com\\\/pl\\\/#organization\"},\"alternateName\":\"stylink Social Media GmbH\",\"potentialAction\":[{\"@type\":\"SearchAction\",\"target\":{\"@type\":\"EntryPoint\",\"urlTemplate\":\"https:\\\/\\\/www.stylink.com\\\/pl\\\/?s={search_term_string}\"},\"query-input\":{\"@type\":\"PropertyValueSpecification\",\"valueRequired\":true,\"valueName\":\"search_term_string\"}}],\"inLanguage\":\"pl-PL\"},{\"@type\":\"Organization\",\"@id\":\"https:\\\/\\\/www.stylink.com\\\/pl\\\/#organization\",\"name\":\"stylink Social Media GmbH\",\"alternateName\":\"stylink \u2013 Verg\u00fctungs-Plattform f\u00fcr Influencer\",\"url\":\"https:\\\/\\\/www.stylink.com\\\/pl\\\/\",\"logo\":{\"@type\":\"ImageObject\",\"inLanguage\":\"pl-PL\",\"@id\":\"https:\\\/\\\/www.stylink.com\\\/pl\\\/#\\\/schema\\\/logo\\\/image\\\/\",\"url\":\"https:\\\/\\\/www.stylink.com\\\/wp-content\\\/uploads\\\/2020\\\/01\\\/stylink-verguetungsplattform-logo-favicon-1.jpg\",\"contentUrl\":\"https:\\\/\\\/www.stylink.com\\\/wp-content\\\/uploads\\\/2020\\\/01\\\/stylink-verguetungsplattform-logo-favicon-1.jpg\",\"width\":600,\"height\":600,\"caption\":\"stylink Social Media GmbH\"},\"image\":{\"@id\":\"https:\\\/\\\/www.stylink.com\\\/pl\\\/#\\\/schema\\\/logo\\\/image\\\/\"},\"sameAs\":[\"https:\\\/\\\/www.instagram.com\\\/stylinkofficial\\\/\",\"https:\\\/\\\/www.linkedin.com\\\/company\\\/stylink-social-media\"]}]}<\/script>","yoast_head_json":{"title":"Warunki udzia\u0142u - stylink - platforma polecaj\u0105ca dla influence\u00f3w","robots":{"index":"index","follow":"follow","max-snippet":"max-snippet:-1","max-image-preview":"max-image-preview:large","max-video-preview":"max-video-preview:-1"},"canonical":"https:\/\/www.stylink.com\/pl\/warunki-udzialu\/","og_locale":"pl_PL","og_type":"article","og_title":"Warunki udzia\u0142u - stylink - platforma polecaj\u0105ca dla influence\u00f3w","og_description":"Warunki udzia\u0142uWygraj ekskluzywn\u0105 kampani\u0119 H&amp;M wraz z stylink Musisz mie\u0107 uko\u0144czone 18 lat - mieszka\u0144cy Polski. Po zarejestrowaniu si\u0119 na naszej platformie polecaj\u0105cej, automatycznie bierzesz udzia\u0142 w konkursie. Trzej nowo zarejestrowani u\u017cytkownicy maj\u0105 szans\u0119 wygra\u0107. W przypadku wygranej skontaktujemy si\u0119 z Tob\u0105 31 pa\u017adziernika 2022 za pomoc\u0105 poczty elektronicznej i przeka\u017cemy Ci informacje na temat kampanii H&amp;M. Otrzymasz voucher o ...","og_url":"https:\/\/www.stylink.com\/pl\/warunki-udzialu\/","og_site_name":"stylink - platforma polecaj\u0105ca dla influence\u00f3w","article_modified_time":"2024-03-20T07:29:26+00:00","og_image":[{"width":1440,"height":795,"url":"https:\/\/www.stylink.com\/wp-content\/uploads\/2025\/03\/stylink-screenshot.webp","type":"image\/webp"}],"twitter_card":"summary_large_image","twitter_misc":{"Szacowany czas czytania":"1 minuta"},"schema":{"@context":"https:\/\/schema.org","@graph":[{"@type":"WebPage","@id":"https:\/\/www.stylink.com\/pl\/warunki-udzialu\/","url":"https:\/\/www.stylink.com\/pl\/warunki-udzialu\/","name":"Warunki udzia\u0142u - stylink - platforma polecaj\u0105ca dla influence\u00f3w","isPartOf":{"@id":"https:\/\/www.stylink.com\/pl\/#website"},"datePublished":"2022-08-10T12:23:39+00:00","dateModified":"2024-03-20T07:29:26+00:00","breadcrumb":{"@id":"https:\/\/www.stylink.com\/pl\/warunki-udzialu\/#breadcrumb"},"inLanguage":"pl-PL","potentialAction":[{"@type":"ReadAction","target":["https:\/\/www.stylink.com\/pl\/warunki-udzialu\/"]}]},{"@type":"BreadcrumbList","@id":"https:\/\/www.stylink.com\/pl\/warunki-udzialu\/#breadcrumb","itemListElement":[{"@type":"ListItem","position":1,"name":"Startseite","item":"https:\/\/www.stylink.com\/pl\/dolacz-do-naszej-spolecznosci-stylink-i-zarabiaj-na-swoich-tresciach\/"},{"@type":"ListItem","position":2,"name":"Warunki udzia\u0142u"}]},{"@type":"WebSite","@id":"https:\/\/www.stylink.com\/pl\/#website","url":"https:\/\/www.stylink.com\/pl\/","name":"stylink - Verg\u00fctungs-Plattform f\u00fcr Influencer","description":"Verg\u00fctungs-Plattform f\u00fcr Creators","publisher":{"@id":"https:\/\/www.stylink.com\/pl\/#organization"},"alternateName":"stylink Social Media GmbH","potentialAction":[{"@type":"SearchAction","target":{"@type":"EntryPoint","urlTemplate":"https:\/\/www.stylink.com\/pl\/?s={search_term_string}"},"query-input":{"@type":"PropertyValueSpecification","valueRequired":true,"valueName":"search_term_string"}}],"inLanguage":"pl-PL"},{"@type":"Organization","@id":"https:\/\/www.stylink.com\/pl\/#organization","name":"stylink Social Media GmbH","alternateName":"stylink \u2013 Verg\u00fctungs-Plattform f\u00fcr Influencer","url":"https:\/\/www.stylink.com\/pl\/","logo":{"@type":"ImageObject","inLanguage":"pl-PL","@id":"https:\/\/www.stylink.com\/pl\/#\/schema\/logo\/image\/","url":"https:\/\/www.stylink.com\/wp-content\/uploads\/2020\/01\/stylink-verguetungsplattform-logo-favicon-1.jpg","contentUrl":"https:\/\/www.stylink.com\/wp-content\/uploads\/2020\/01\/stylink-verguetungsplattform-logo-favicon-1.jpg","width":600,"height":600,"caption":"stylink Social Media GmbH"},"image":{"@id":"https:\/\/www.stylink.com\/pl\/#\/schema\/logo\/image\/"},"sameAs":["https:\/\/www.instagram.com\/stylinkofficial\/","https:\/\/www.linkedin.com\/company\/stylink-social-media"]}]}},"_links":{"self":[{"href":"https:\/\/www.stylink.com\/pl\/wp-json\/wp\/v2\/pages\/32475","targetHints":{"allow":["GET"]}}],"collection":[{"href":"https:\/\/www.stylink.com\/pl\/wp-json\/wp\/v2\/pages"}],"about":[{"href":"https:\/\/www.stylink.com\/pl\/wp-json\/wp\/v2\/types\/page"}],"author":[{"embeddable":true,"href":"https:\/\/www.stylink.com\/pl\/wp-json\/wp\/v2\/users\/5"}],"replies":[{"embeddable":true,"href":"https:\/\/www.stylink.com\/pl\/wp-json\/wp\/v2\/comments?post=32475"}],"version-history":[{"count":0,"href":"https:\/\/www.stylink.com\/pl\/wp-json\/wp\/v2\/pages\/32475\/revisions"}],"wp:attachment":[{"href":"https:\/\/www.stylink.com\/pl\/wp-json\/wp\/v2\/media?parent=32475"}],"curies":[{"name":"wp","href":"https:\/\/api.w.org\/{rel}","templated":true}]}}