{"id":104308,"date":"2019-08-22T15:52:04","date_gmt":"2019-08-22T13:52:04","guid":{"rendered":"https:\/\/www.stylink.com\/faq-ro\/"},"modified":"2026-01-29T16:31:43","modified_gmt":"2026-01-29T15:31:43","slug":"faq","status":"publish","type":"page","link":"https:\/\/www.stylink.com\/ro\/faq\/","title":{"rendered":"FAQ"},"content":{"rendered":"<div id=\"cs-content\" class=\"cs-content\"><\/div>\n","protected":false},"excerpt":{"rendered":"<p>FAQ: Frequently asked questions at stylinkHow does it work? And how do I earn at stylink? Do these questions sound similar to your own? Then you are in the right place! In the &#8222;top 4&#8221; you will find the most frequently asked questions &#8211; all other questions have been sorted by theme for your convenience. If you still have questions, &#8230;<\/p>\n","protected":false},"author":95,"featured_media":0,"parent":0,"menu_order":20,"comment_status":"closed","ping_status":"closed","template":"template-blank-4.php","meta":{"rs_blank_template":"","rs_page_bg_color":"","slide_template_v7":"","footnotes":""},"class_list":["post-104308","page","type-page","status-publish","hentry","no-post-thumbnail"],"yoast_head":"<title>FAQ - stylink - affiliate platform for influencers<\/title>\n<meta name=\"robots\" content=\"index, follow, max-snippet:-1, max-image-preview:large, max-video-preview:-1\" \/>\n<link rel=\"canonical\" href=\"https:\/\/www.stylink.com\/ro\/faq\/\" \/>\n<meta property=\"og:locale\" content=\"ro_RO\" \/>\n<meta property=\"og:type\" content=\"article\" \/>\n<meta property=\"og:title\" content=\"FAQ - stylink - affiliate platform for influencers\" \/>\n<meta property=\"og:description\" content=\"FAQ: Frequently asked questions at stylinkHow does it work? And how do I earn at stylink? Do these questions sound similar to your own? Then you are in the right place! In the &quot;top 4&quot; you will find the most frequently asked questions - all other questions have been sorted by theme for your convenience. If you still have questions, ...\" \/>\n<meta property=\"og:url\" content=\"https:\/\/www.stylink.com\/ro\/faq\/\" \/>\n<meta property=\"og:site_name\" content=\"stylink - affiliate platform for influencers\" \/>\n<meta property=\"article:modified_time\" content=\"2026-01-29T15:31:43+00:00\" \/>\n<meta property=\"og:image\" content=\"https:\/\/www.stylink.com\/wp-content\/uploads\/2025\/03\/stylink-screenshot.webp\" \/>\n\t<meta property=\"og:image:width\" content=\"1440\" \/>\n\t<meta property=\"og:image:height\" content=\"795\" \/>\n\t<meta property=\"og:image:type\" content=\"image\/webp\" \/>\n<meta name=\"twitter:card\" content=\"summary_large_image\" \/>\n<meta name=\"twitter:label1\" content=\"Timp estimat pentru citire\" \/>\n\t<meta name=\"twitter:data1\" content=\"9 minute\" \/>\n<script type=\"application\/ld+json\" class=\"yoast-schema-graph\">{\"@context\":\"https:\\\/\\\/schema.org\",\"@graph\":[{\"@type\":\"WebPage\",\"@id\":\"https:\\\/\\\/www.stylink.com\\\/ro\\\/faq\\\/\",\"url\":\"https:\\\/\\\/www.stylink.com\\\/ro\\\/faq\\\/\",\"name\":\"FAQ - stylink - affiliate platform for influencers\",\"isPartOf\":{\"@id\":\"https:\\\/\\\/www.stylink.com\\\/ro\\\/#website\"},\"datePublished\":\"2019-08-22T13:52:04+00:00\",\"dateModified\":\"2026-01-29T15:31:43+00:00\",\"breadcrumb\":{\"@id\":\"https:\\\/\\\/www.stylink.com\\\/ro\\\/faq\\\/#breadcrumb\"},\"inLanguage\":\"ro-RO\",\"potentialAction\":[{\"@type\":\"ReadAction\",\"target\":[\"https:\\\/\\\/www.stylink.com\\\/ro\\\/faq\\\/\"]}]},{\"@type\":\"BreadcrumbList\",\"@id\":\"https:\\\/\\\/www.stylink.com\\\/ro\\\/faq\\\/#breadcrumb\",\"itemListElement\":[{\"@type\":\"ListItem\",\"position\":1,\"name\":\"Startseite\",\"item\":\"https:\\\/\\\/www.stylink.com\\\/ro\\\/start-ro\\\/\"},{\"@type\":\"ListItem\",\"position\":2,\"name\":\"FAQ\"}]},{\"@type\":\"WebSite\",\"@id\":\"https:\\\/\\\/www.stylink.com\\\/ro\\\/#website\",\"url\":\"https:\\\/\\\/www.stylink.com\\\/ro\\\/\",\"name\":\"stylink - Verg\u00fctungs-Plattform f\u00fcr Influencer\",\"description\":\"Verg\u00fctungs-Plattform f\u00fcr Creators\",\"publisher\":{\"@id\":\"https:\\\/\\\/www.stylink.com\\\/ro\\\/#organization\"},\"alternateName\":\"stylink Social Media GmbH\",\"potentialAction\":[{\"@type\":\"SearchAction\",\"target\":{\"@type\":\"EntryPoint\",\"urlTemplate\":\"https:\\\/\\\/www.stylink.com\\\/ro\\\/?s={search_term_string}\"},\"query-input\":{\"@type\":\"PropertyValueSpecification\",\"valueRequired\":true,\"valueName\":\"search_term_string\"}}],\"inLanguage\":\"ro-RO\"},{\"@type\":\"Organization\",\"@id\":\"https:\\\/\\\/www.stylink.com\\\/ro\\\/#organization\",\"name\":\"stylink Social Media GmbH\",\"alternateName\":\"stylink \u2013 Verg\u00fctungs-Plattform f\u00fcr Influencer\",\"url\":\"https:\\\/\\\/www.stylink.com\\\/ro\\\/\",\"logo\":{\"@type\":\"ImageObject\",\"inLanguage\":\"ro-RO\",\"@id\":\"https:\\\/\\\/www.stylink.com\\\/ro\\\/#\\\/schema\\\/logo\\\/image\\\/\",\"url\":\"https:\\\/\\\/www.stylink.com\\\/wp-content\\\/uploads\\\/2020\\\/01\\\/stylink-verguetungsplattform-logo-favicon-1.jpg\",\"contentUrl\":\"https:\\\/\\\/www.stylink.com\\\/wp-content\\\/uploads\\\/2020\\\/01\\\/stylink-verguetungsplattform-logo-favicon-1.jpg\",\"width\":600,\"height\":600,\"caption\":\"stylink Social Media GmbH\"},\"image\":{\"@id\":\"https:\\\/\\\/www.stylink.com\\\/ro\\\/#\\\/schema\\\/logo\\\/image\\\/\"},\"sameAs\":[\"https:\\\/\\\/www.instagram.com\\\/stylinkofficial\\\/\",\"https:\\\/\\\/www.linkedin.com\\\/company\\\/stylink-social-media\"]}]}<\/script>","yoast_head_json":{"title":"FAQ - stylink - affiliate platform for influencers","robots":{"index":"index","follow":"follow","max-snippet":"max-snippet:-1","max-image-preview":"max-image-preview:large","max-video-preview":"max-video-preview:-1"},"canonical":"https:\/\/www.stylink.com\/ro\/faq\/","og_locale":"ro_RO","og_type":"article","og_title":"FAQ - stylink - affiliate platform for influencers","og_description":"FAQ: Frequently asked questions at stylinkHow does it work? And how do I earn at stylink? Do these questions sound similar to your own? Then you are in the right place! In the \"top 4\" you will find the most frequently asked questions - all other questions have been sorted by theme for your convenience. If you still have questions, ...","og_url":"https:\/\/www.stylink.com\/ro\/faq\/","og_site_name":"stylink - affiliate platform for influencers","article_modified_time":"2026-01-29T15:31:43+00:00","og_image":[{"width":1440,"height":795,"url":"https:\/\/www.stylink.com\/wp-content\/uploads\/2025\/03\/stylink-screenshot.webp","type":"image\/webp"}],"twitter_card":"summary_large_image","twitter_misc":{"Timp estimat pentru citire":"9 minute"},"schema":{"@context":"https:\/\/schema.org","@graph":[{"@type":"WebPage","@id":"https:\/\/www.stylink.com\/ro\/faq\/","url":"https:\/\/www.stylink.com\/ro\/faq\/","name":"FAQ - stylink - affiliate platform for influencers","isPartOf":{"@id":"https:\/\/www.stylink.com\/ro\/#website"},"datePublished":"2019-08-22T13:52:04+00:00","dateModified":"2026-01-29T15:31:43+00:00","breadcrumb":{"@id":"https:\/\/www.stylink.com\/ro\/faq\/#breadcrumb"},"inLanguage":"ro-RO","potentialAction":[{"@type":"ReadAction","target":["https:\/\/www.stylink.com\/ro\/faq\/"]}]},{"@type":"BreadcrumbList","@id":"https:\/\/www.stylink.com\/ro\/faq\/#breadcrumb","itemListElement":[{"@type":"ListItem","position":1,"name":"Startseite","item":"https:\/\/www.stylink.com\/ro\/start-ro\/"},{"@type":"ListItem","position":2,"name":"FAQ"}]},{"@type":"WebSite","@id":"https:\/\/www.stylink.com\/ro\/#website","url":"https:\/\/www.stylink.com\/ro\/","name":"stylink - Verg\u00fctungs-Plattform f\u00fcr Influencer","description":"Verg\u00fctungs-Plattform f\u00fcr Creators","publisher":{"@id":"https:\/\/www.stylink.com\/ro\/#organization"},"alternateName":"stylink Social Media GmbH","potentialAction":[{"@type":"SearchAction","target":{"@type":"EntryPoint","urlTemplate":"https:\/\/www.stylink.com\/ro\/?s={search_term_string}"},"query-input":{"@type":"PropertyValueSpecification","valueRequired":true,"valueName":"search_term_string"}}],"inLanguage":"ro-RO"},{"@type":"Organization","@id":"https:\/\/www.stylink.com\/ro\/#organization","name":"stylink Social Media GmbH","alternateName":"stylink \u2013 Verg\u00fctungs-Plattform f\u00fcr Influencer","url":"https:\/\/www.stylink.com\/ro\/","logo":{"@type":"ImageObject","inLanguage":"ro-RO","@id":"https:\/\/www.stylink.com\/ro\/#\/schema\/logo\/image\/","url":"https:\/\/www.stylink.com\/wp-content\/uploads\/2020\/01\/stylink-verguetungsplattform-logo-favicon-1.jpg","contentUrl":"https:\/\/www.stylink.com\/wp-content\/uploads\/2020\/01\/stylink-verguetungsplattform-logo-favicon-1.jpg","width":600,"height":600,"caption":"stylink Social Media GmbH"},"image":{"@id":"https:\/\/www.stylink.com\/ro\/#\/schema\/logo\/image\/"},"sameAs":["https:\/\/www.instagram.com\/stylinkofficial\/","https:\/\/www.linkedin.com\/company\/stylink-social-media"]}]}},"_links":{"self":[{"href":"https:\/\/www.stylink.com\/ro\/wp-json\/wp\/v2\/pages\/104308","targetHints":{"allow":["GET"]}}],"collection":[{"href":"https:\/\/www.stylink.com\/ro\/wp-json\/wp\/v2\/pages"}],"about":[{"href":"https:\/\/www.stylink.com\/ro\/wp-json\/wp\/v2\/types\/page"}],"author":[{"embeddable":true,"href":"https:\/\/www.stylink.com\/ro\/wp-json\/wp\/v2\/users\/95"}],"replies":[{"embeddable":true,"href":"https:\/\/www.stylink.com\/ro\/wp-json\/wp\/v2\/comments?post=104308"}],"version-history":[{"count":41,"href":"https:\/\/www.stylink.com\/ro\/wp-json\/wp\/v2\/pages\/104308\/revisions"}],"predecessor-version":[{"id":119180,"href":"https:\/\/www.stylink.com\/ro\/wp-json\/wp\/v2\/pages\/104308\/revisions\/119180"}],"wp:attachment":[{"href":"https:\/\/www.stylink.com\/ro\/wp-json\/wp\/v2\/media?parent=104308"}],"curies":[{"name":"wp","href":"https:\/\/api.w.org\/{rel}","templated":true}]}}