{"id":20445,"date":"2019-09-06T10:50:28","date_gmt":"2019-09-06T08:50:28","guid":{"rendered":"https:\/\/www.stylink.com\/how-to\/"},"modified":"2026-01-12T11:17:18","modified_gmt":"2026-01-12T10:17:18","slug":"how-to","status":"publish","type":"page","link":"https:\/\/www.stylink.com\/se\/how-to\/","title":{"rendered":"S\u00e5 h\u00e4r fungerar v\u00e5r linkmaker"},"content":{"rendered":"<div id=\"cs-content\" class=\"cs-content\"><\/div>\n","protected":false},"excerpt":{"rendered":"<p>How To: S&aring; h&auml;r fungerar v&aring;r linkmaker&Auml;r du ny p&aring; stylink och undrar hur du kan tj&auml;na pengar genom produktrekommendationer p&aring; sociala medier? H&auml;r f&ouml;rklarar vi steg f&ouml;r steg hur v&aring;r Linkmaker fungerar.1 Registrering och inloggning F\u00f6rst och fr\u00e4mst b\u00f6r du logga in p\u00e5 stylink med din e-post adress och ditt l\u00f6senord. Om du \u00e4r ny hos stylink m\u00e5ste du\u00a0 &#8230;<\/p>\n","protected":false},"author":2,"featured_media":0,"parent":0,"menu_order":888,"comment_status":"closed","ping_status":"closed","template":"template-blank-4.php","meta":{"rs_blank_template":"","rs_page_bg_color":"","slide_template_v7":"","footnotes":""},"class_list":["post-20445","page","type-page","status-publish","hentry","no-post-thumbnail"],"yoast_head":"<title>S\u00e5 h\u00e4r fungerar v\u00e5r linkmaker - stylink - en affiliateplattform f\u00f6r influencers<\/title>\n<meta name=\"description\" content=\"Steg f\u00f6r steg instruktioner: Vi presenterar anv\u00e4ndningen av v\u00e5r Linkmaker f\u00f6r att enkelt skapa affiliatel\u00e4nkar f\u00f6r dina f\u00f6ljare f\u00f6r att dela dina favoritprodukter.\" \/>\n<meta name=\"robots\" content=\"index, follow, max-snippet:-1, max-image-preview:large, max-video-preview:-1\" \/>\n<link rel=\"canonical\" href=\"https:\/\/www.stylink.com\/se\/how-to\/\" \/>\n<meta property=\"og:locale\" content=\"sv_SE\" \/>\n<meta property=\"og:type\" content=\"article\" \/>\n<meta property=\"og:title\" content=\"S\u00e5 h\u00e4r fungerar v\u00e5r linkmaker - stylink - en affiliateplattform f\u00f6r influencers\" \/>\n<meta property=\"og:description\" content=\"Steg f\u00f6r steg instruktioner: Vi presenterar anv\u00e4ndningen av v\u00e5r Linkmaker f\u00f6r att enkelt skapa affiliatel\u00e4nkar f\u00f6r dina f\u00f6ljare f\u00f6r att dela dina favoritprodukter.\" \/>\n<meta property=\"og:url\" content=\"https:\/\/www.stylink.com\/se\/how-to\/\" \/>\n<meta property=\"og:site_name\" content=\"stylink - en affiliateplattform f\u00f6r influencers\" \/>\n<meta property=\"article:modified_time\" content=\"2026-01-12T10:17:18+00:00\" \/>\n<meta property=\"og:image\" content=\"https:\/\/www.stylink.com\/wp-content\/uploads\/2025\/03\/stylink-screenshot.webp\" \/>\n\t<meta property=\"og:image:width\" content=\"1440\" \/>\n\t<meta property=\"og:image:height\" content=\"795\" \/>\n\t<meta property=\"og:image:type\" content=\"image\/webp\" \/>\n<meta name=\"twitter:card\" content=\"summary_large_image\" \/>\n<meta name=\"twitter:label1\" content=\"Ber\u00e4knad l\u00e4stid\" \/>\n\t<meta name=\"twitter:data1\" content=\"4 minuter\" \/>\n<script type=\"application\/ld+json\" class=\"yoast-schema-graph\">{\"@context\":\"https:\\\/\\\/schema.org\",\"@graph\":[{\"@type\":\"WebPage\",\"@id\":\"https:\\\/\\\/www.stylink.com\\\/se\\\/how-to\\\/\",\"url\":\"https:\\\/\\\/www.stylink.com\\\/se\\\/how-to\\\/\",\"name\":\"S\u00e5 h\u00e4r fungerar v\u00e5r linkmaker - stylink - en affiliateplattform f\u00f6r influencers\",\"isPartOf\":{\"@id\":\"https:\\\/\\\/www.stylink.com\\\/se\\\/#website\"},\"datePublished\":\"2019-09-06T08:50:28+00:00\",\"dateModified\":\"2026-01-12T10:17:18+00:00\",\"description\":\"Steg f\u00f6r steg instruktioner: Vi presenterar anv\u00e4ndningen av v\u00e5r Linkmaker f\u00f6r att enkelt skapa affiliatel\u00e4nkar f\u00f6r dina f\u00f6ljare f\u00f6r att dela dina favoritprodukter.\",\"breadcrumb\":{\"@id\":\"https:\\\/\\\/www.stylink.com\\\/se\\\/how-to\\\/#breadcrumb\"},\"inLanguage\":\"sv-SE\",\"potentialAction\":[{\"@type\":\"ReadAction\",\"target\":[\"https:\\\/\\\/www.stylink.com\\\/se\\\/how-to\\\/\"]}]},{\"@type\":\"BreadcrumbList\",\"@id\":\"https:\\\/\\\/www.stylink.com\\\/se\\\/how-to\\\/#breadcrumb\",\"itemListElement\":[{\"@type\":\"ListItem\",\"position\":1,\"name\":\"Startseite\",\"item\":\"https:\\\/\\\/www.stylink.com\\\/se\\\/start-sv\\\/\"},{\"@type\":\"ListItem\",\"position\":2,\"name\":\"S\u00e5 h\u00e4r fungerar v\u00e5r linkmaker\"}]},{\"@type\":\"WebSite\",\"@id\":\"https:\\\/\\\/www.stylink.com\\\/se\\\/#website\",\"url\":\"https:\\\/\\\/www.stylink.com\\\/se\\\/\",\"name\":\"stylink - Verg\u00fctungs-Plattform f\u00fcr Influencer\",\"description\":\"Verg\u00fctungs-Plattform f\u00fcr Creators\",\"publisher\":{\"@id\":\"https:\\\/\\\/www.stylink.com\\\/se\\\/#organization\"},\"alternateName\":\"stylink Social Media GmbH\",\"potentialAction\":[{\"@type\":\"SearchAction\",\"target\":{\"@type\":\"EntryPoint\",\"urlTemplate\":\"https:\\\/\\\/www.stylink.com\\\/se\\\/?s={search_term_string}\"},\"query-input\":{\"@type\":\"PropertyValueSpecification\",\"valueRequired\":true,\"valueName\":\"search_term_string\"}}],\"inLanguage\":\"sv-SE\"},{\"@type\":\"Organization\",\"@id\":\"https:\\\/\\\/www.stylink.com\\\/se\\\/#organization\",\"name\":\"stylink Social Media GmbH\",\"alternateName\":\"stylink \u2013 Verg\u00fctungs-Plattform f\u00fcr Influencer\",\"url\":\"https:\\\/\\\/www.stylink.com\\\/se\\\/\",\"logo\":{\"@type\":\"ImageObject\",\"inLanguage\":\"sv-SE\",\"@id\":\"https:\\\/\\\/www.stylink.com\\\/se\\\/#\\\/schema\\\/logo\\\/image\\\/\",\"url\":\"https:\\\/\\\/www.stylink.com\\\/wp-content\\\/uploads\\\/2020\\\/01\\\/stylink-verguetungsplattform-logo-favicon-1.jpg\",\"contentUrl\":\"https:\\\/\\\/www.stylink.com\\\/wp-content\\\/uploads\\\/2020\\\/01\\\/stylink-verguetungsplattform-logo-favicon-1.jpg\",\"width\":600,\"height\":600,\"caption\":\"stylink Social Media GmbH\"},\"image\":{\"@id\":\"https:\\\/\\\/www.stylink.com\\\/se\\\/#\\\/schema\\\/logo\\\/image\\\/\"},\"sameAs\":[\"https:\\\/\\\/www.instagram.com\\\/stylinkofficial\\\/\",\"https:\\\/\\\/www.linkedin.com\\\/company\\\/stylink-social-media\"]}]}<\/script>","yoast_head_json":{"title":"S\u00e5 h\u00e4r fungerar v\u00e5r linkmaker - stylink - en affiliateplattform f\u00f6r influencers","description":"Steg f\u00f6r steg instruktioner: Vi presenterar anv\u00e4ndningen av v\u00e5r Linkmaker f\u00f6r att enkelt skapa affiliatel\u00e4nkar f\u00f6r dina f\u00f6ljare f\u00f6r att dela dina favoritprodukter.","robots":{"index":"index","follow":"follow","max-snippet":"max-snippet:-1","max-image-preview":"max-image-preview:large","max-video-preview":"max-video-preview:-1"},"canonical":"https:\/\/www.stylink.com\/se\/how-to\/","og_locale":"sv_SE","og_type":"article","og_title":"S\u00e5 h\u00e4r fungerar v\u00e5r linkmaker - stylink - en affiliateplattform f\u00f6r influencers","og_description":"Steg f\u00f6r steg instruktioner: Vi presenterar anv\u00e4ndningen av v\u00e5r Linkmaker f\u00f6r att enkelt skapa affiliatel\u00e4nkar f\u00f6r dina f\u00f6ljare f\u00f6r att dela dina favoritprodukter.","og_url":"https:\/\/www.stylink.com\/se\/how-to\/","og_site_name":"stylink - en affiliateplattform f\u00f6r influencers","article_modified_time":"2026-01-12T10:17:18+00:00","og_image":[{"width":1440,"height":795,"url":"https:\/\/www.stylink.com\/wp-content\/uploads\/2025\/03\/stylink-screenshot.webp","type":"image\/webp"}],"twitter_card":"summary_large_image","twitter_misc":{"Ber\u00e4knad l\u00e4stid":"4 minuter"},"schema":{"@context":"https:\/\/schema.org","@graph":[{"@type":"WebPage","@id":"https:\/\/www.stylink.com\/se\/how-to\/","url":"https:\/\/www.stylink.com\/se\/how-to\/","name":"S\u00e5 h\u00e4r fungerar v\u00e5r linkmaker - stylink - en affiliateplattform f\u00f6r influencers","isPartOf":{"@id":"https:\/\/www.stylink.com\/se\/#website"},"datePublished":"2019-09-06T08:50:28+00:00","dateModified":"2026-01-12T10:17:18+00:00","description":"Steg f\u00f6r steg instruktioner: Vi presenterar anv\u00e4ndningen av v\u00e5r Linkmaker f\u00f6r att enkelt skapa affiliatel\u00e4nkar f\u00f6r dina f\u00f6ljare f\u00f6r att dela dina favoritprodukter.","breadcrumb":{"@id":"https:\/\/www.stylink.com\/se\/how-to\/#breadcrumb"},"inLanguage":"sv-SE","potentialAction":[{"@type":"ReadAction","target":["https:\/\/www.stylink.com\/se\/how-to\/"]}]},{"@type":"BreadcrumbList","@id":"https:\/\/www.stylink.com\/se\/how-to\/#breadcrumb","itemListElement":[{"@type":"ListItem","position":1,"name":"Startseite","item":"https:\/\/www.stylink.com\/se\/start-sv\/"},{"@type":"ListItem","position":2,"name":"S\u00e5 h\u00e4r fungerar v\u00e5r linkmaker"}]},{"@type":"WebSite","@id":"https:\/\/www.stylink.com\/se\/#website","url":"https:\/\/www.stylink.com\/se\/","name":"stylink - Verg\u00fctungs-Plattform f\u00fcr Influencer","description":"Verg\u00fctungs-Plattform f\u00fcr Creators","publisher":{"@id":"https:\/\/www.stylink.com\/se\/#organization"},"alternateName":"stylink Social Media GmbH","potentialAction":[{"@type":"SearchAction","target":{"@type":"EntryPoint","urlTemplate":"https:\/\/www.stylink.com\/se\/?s={search_term_string}"},"query-input":{"@type":"PropertyValueSpecification","valueRequired":true,"valueName":"search_term_string"}}],"inLanguage":"sv-SE"},{"@type":"Organization","@id":"https:\/\/www.stylink.com\/se\/#organization","name":"stylink Social Media GmbH","alternateName":"stylink \u2013 Verg\u00fctungs-Plattform f\u00fcr Influencer","url":"https:\/\/www.stylink.com\/se\/","logo":{"@type":"ImageObject","inLanguage":"sv-SE","@id":"https:\/\/www.stylink.com\/se\/#\/schema\/logo\/image\/","url":"https:\/\/www.stylink.com\/wp-content\/uploads\/2020\/01\/stylink-verguetungsplattform-logo-favicon-1.jpg","contentUrl":"https:\/\/www.stylink.com\/wp-content\/uploads\/2020\/01\/stylink-verguetungsplattform-logo-favicon-1.jpg","width":600,"height":600,"caption":"stylink Social Media GmbH"},"image":{"@id":"https:\/\/www.stylink.com\/se\/#\/schema\/logo\/image\/"},"sameAs":["https:\/\/www.instagram.com\/stylinkofficial\/","https:\/\/www.linkedin.com\/company\/stylink-social-media"]}]}},"_links":{"self":[{"href":"https:\/\/www.stylink.com\/se\/wp-json\/wp\/v2\/pages\/20445","targetHints":{"allow":["GET"]}}],"collection":[{"href":"https:\/\/www.stylink.com\/se\/wp-json\/wp\/v2\/pages"}],"about":[{"href":"https:\/\/www.stylink.com\/se\/wp-json\/wp\/v2\/types\/page"}],"author":[{"embeddable":true,"href":"https:\/\/www.stylink.com\/se\/wp-json\/wp\/v2\/users\/2"}],"replies":[{"embeddable":true,"href":"https:\/\/www.stylink.com\/se\/wp-json\/wp\/v2\/comments?post=20445"}],"version-history":[{"count":6,"href":"https:\/\/www.stylink.com\/se\/wp-json\/wp\/v2\/pages\/20445\/revisions"}],"predecessor-version":[{"id":118137,"href":"https:\/\/www.stylink.com\/se\/wp-json\/wp\/v2\/pages\/20445\/revisions\/118137"}],"wp:attachment":[{"href":"https:\/\/www.stylink.com\/se\/wp-json\/wp\/v2\/media?parent=20445"}],"curies":[{"name":"wp","href":"https:\/\/api.w.org\/{rel}","templated":true}]}}