{"id":20458,"date":"2019-11-04T13:32:36","date_gmt":"2019-11-04T12:32:36","guid":{"rendered":"https:\/\/www.stylink.com\/learn-more-about-stylink\/"},"modified":"2025-10-31T14:16:50","modified_gmt":"2025-10-31T13:16:50","slug":"mer-om-stylink","status":"publish","type":"page","link":"https:\/\/www.stylink.com\/se\/mer-om-stylink\/","title":{"rendered":"Mer om Stylink"},"content":{"rendered":"<div id=\"cs-content\" class=\"cs-content\"><div class=\"x-section e20458-e1 mfsa-0 mfsa-1 mfsa-2\"><div class=\"x-row x-container max width e20458-e2 mfsa-8 mfsa-9 mfsa-b mfsa-c\"><div class=\"x-row-inner\"><div class=\"x-col e20458-e3 mfsa-g\"><span class=\"x-image e20458-e4 mfsa-i paddingbild\"><img decoding=\"async\" src=\"https:\/\/www.stylink.com\/wp-content\/uploads\/2020\/06\/stylink-geld-verdienen-bild-en-1.jpg\" width=\"1200\" height=\"400\" alt=\"stylink, influencer platform, influencer, earn money with instagram, earn money with youtube\" loading=\"lazy\"><\/span><\/div><\/div><\/div><\/div><div class=\"x-section e20458-e5 mfsa-0 mfsa-2 mfsa-3 paddinghandy\"><div class=\"x-container max width e20458-e6 mfsa-j mfsa-k mfsa-l\"><div class=\"x-column x-sm x-1-1 e20458-e7 mfsa-o mfsa-p mfsa-q\" data-fade=\"1\" data-x-element=\"column\" data-x-params=\"{&quot;fade&quot;:true}\" style=\"opacity: 0; transform: translate(0, ); transition-duration: 3s;\"><a class=\"x-anchor x-anchor-button x-hide-lg x-hide-md x-hide-xl e20458-e8 mfsa-w mfsa-x mfsa-y\" tabindex=\"0\" href=\"https:\/\/app.stylink.com\/login?locale=en\" target=\"_blank\" rel=\"noopener noreferrer\"><div class=\"x-anchor-content\"><div class=\"x-anchor-text\"><span class=\"x-anchor-text-primary\">REGISTER NOW<\/span><\/div><\/div><\/a><div class=\"x-text x-content e20458-e9 mfsa-11 mfsa-12 mfsa-13\"><h1><span style=\"font-weight: 300;\">stylink:<\/span> Visa dina f&ouml;ljare vad du &auml;lskar!<\/h1><\/div><div class=\"x-text x-content e20458-e10 mfsa-11 mfsa-12 mfsa-13 mfsa-14\"><p>stylinks varma gemenskap best&aring;r av <b>influencers<\/b> och <b>YouTubers<\/b> som vi kopplar samman med v&auml;lk&auml;nda <b>onlinebutiker<\/b>. Genom att anv&auml;nda stylink blir relationen mellan dig och dina f&ouml;ljare starkare, och vi arrangerar sp&auml;nnande <strong>samarbeten<\/strong> med dina favoritbutiker. Vi anser att d&aring; du rekommenderar n&aring;got till dina f&ouml;ljare och prenumeranter p&aring; <b>Instagram<\/b> eller <b>YouTube<\/b>, f&ouml;rtj&auml;nar du mer &auml;n bara en gillning. Det &auml;r d&auml;rf&ouml;r vi bel&ouml;nar dig med en betalning per klick.<\/p>\n<p>Med hj&auml;lp av v&aring;r kostnadsfria <b>Linkmaker<\/b>, kan du skapa affiliatel&auml;nkar till dina <b>favorit produkter<\/b> eller inspirationer och dela dem med dina f&ouml;ljare. Dina f&ouml;ljare &auml;r bara ett&nbsp; <strong>k<\/strong><b>lick bort<\/b> fr&aring;n dina&nbsp; favoritprodukter. Du hittar mer information om hur v&aring;r Linkmaker fungerar i v&aring;ra <a href=\"https:\/\/www.stylink.com\/en\/how-to\/\">instruktioner<\/a>.<\/p>\n<p>Stylinks verksamhet breddar sig l&auml;ngre &auml;n linkmakern : V&aring;rt team har kunskap i <b>influencer marketing<\/b> och vi vet hurdana utmaningar det kan b&auml;ra med sig. D&auml;rf&ouml;r finns vi h&auml;r f&ouml;r att st&ouml;da dig. Vi &auml;r din kontakt med m&aring;nga v&auml;lk&auml;nda n&auml;tbutiker och &auml;r till&auml;gnade till att l&ouml;sa dina problem. Oavsett om du &auml;r en <strong>mikroinfluencer<\/strong> eller en influencer med stor r&auml;ckvidd - alla &auml;r v&auml;lkomna hos stylink.<\/p>\n<p>Vi finns alltid d&auml;r f&ouml;r dig med r&aring;d och st&ouml;d f&ouml;r att hj&auml;lpa dig att f&aring; ut det b&auml;sta av din r&auml;ckvidd - b&aring;de personligen och ekonomiskt.<\/p><\/div><\/div><\/div><\/div><div class=\"x-section e20458-e11 mfsa-0 mfsa-4\"><div class=\"x-row x-container max width e20458-e12 mfsa-8 mfsa-a mfsa-d\"><div class=\"x-row-inner\"><div class=\"x-col e20458-e13 mfsa-g\"><div class=\"x-text x-content e20458-e14 mfsa-12 mfsa-13 mfsa-15\"><h6>Registrera dig hos stylink gratis. Vi ser framemot att samarbeta med dig!<\/h6><\/div><a class=\"x-anchor x-anchor-button e20458-e15 mfsa-w mfsa-x mfsa-z\" tabindex=\"0\" href=\"https:\/\/app.stylink.com\/login?locale=en\" target=\"_blank\" rel=\"noopener noreferrer\"><div class=\"x-anchor-content\"><div class=\"x-anchor-text\"><span class=\"x-anchor-text-primary\">Registrera dig nu<\/span><\/div><\/div><\/a><\/div><div class=\"x-col e20458-e16 mfsa-g\"><div class=\"x-frame x-frame-video-embed e20458-e17 mfsa-19 mfsa-1a\"><div class=\"x-frame-inner\"><div class=\"x-video x-video-embed\"><iframe loading=\"lazy\" width=\"560\" height=\"315\" src=\"https:\/\/www.youtube.com\/embed\/ljoORa6Oi2Y\" title=\"YouTube video player\" frameborder=\"0\" allow=\"accelerometer; autoplay; clipboard-write; encrypted-media; gyroscope; picture-in-picture\" allowfullscreen><\/iframe><\/div><\/div><\/div><\/div><\/div><\/div><\/div><div class=\"x-section e20458-e18 mfsa-0 mfsa-2 mfsa-3\"><div class=\"x-container marginless-columns e20458-e19 mfsa-j mfsa-k mfsa-l flexmethod\"><div class=\"x-column x-sm x-1-2 e20458-e20 mfsa-o mfsa-q mfsa-r mfsa-s center paddinghandy\"><div class=\"x-container e20458-e21 mfsa-j mfsa-k mfsa-m\"><div class=\"x-column x-sm x-1-1 e20458-e22 mfsa-o mfsa-t\" data-fade=\"1\" data-x-element=\"column\" data-x-params=\"{&quot;fade&quot;:true}\" style=\"opacity: 0; transform: translate(-, 0); transition-duration: 4s;\"><div class=\"x-text x-content e20458-e23 mfsa-11 mfsa-12 mfsa-13 mfsa-16\"><h2><span style=\"color: #ffffff;\">&ldquo;Vi g\u00f6r det m\u00f6jligt f\u00f6r dig att kombinera din inspiration med produkter som du \u00e4lskar.&rdquo;<\/span><\/h2><\/div><\/div><\/div><\/div><div class=\"x-column x-sm x-1-2 e20458-e24 mfsa-o mfsa-q mfsa-s mfsa-u\"><div class=\"x-bg\" aria-hidden=\"true\"><div class=\"x-bg-layer-lower-image\" data-x-element-bg-layer=\"{&quot;parallaxSize&quot;:&quot;105%&quot;,&quot;parallaxDir&quot;:&quot;v&quot;,&quot;parallaxRev&quot;:false}\"><\/div><\/div>&nbsp;<\/div><\/div><\/div><div class=\"x-section e20458-e25 mfsa-0 mfsa-2 mfsa-5\"><div class=\"x-container max width e20458-e26 mfsa-j mfsa-k mfsa-l\"><div class=\"x-column x-sm x-1-1 e20458-e27 mfsa-o mfsa-p mfsa-q\" data-fade=\"1\" data-x-element=\"column\" data-x-params=\"{&quot;fade&quot;:true}\" style=\"opacity: 0;transition-duration: 3s;\"><div class=\"x-text x-content e20458-e28 mfsa-12 mfsa-13 mfsa-17\"><h3 style=\"text-align: center;\">Vad g&ouml;r oss unika?<\/h3><\/div><\/div><\/div><div class=\"x-row x-container max width e20458-e29 mfsa-8 mfsa-9 mfsa-b mfsa-e\"><div class=\"x-row-inner\"><div class=\"x-col e20458-e30 mfsa-g mfsa-h\"><span class=\"x-image e20458-e31 mfsa-i\"><img decoding=\"async\" src=\"https:\/\/www.stylink.com\/wp-content\/uploads\/2020\/08\/stylink_sofortauszahlung_influencer_plattform.jpg\" width=\"1000\" height=\"552\" alt=\"stylink, influencer platform, influencer, earn money with instagram, earn money with youtube, enthusiasm\" loading=\"lazy\"><\/span><div class=\"x-text x-content e20458-e32 mfsa-12 mfsa-18 texthomevorteilepadding\"><h4>Omedelbar utbetalning:<\/h4>\n<p>Genom att klicka p\u00e5 din affiliate-l\u00e4nk n\u00e5r dina f\u00f6ljare dina favoritprodukter p\u00e5 noll tid. Du tj\u00e4nar pengar f\u00f6r varje klick p\u00e5 din l\u00e4nk. Och du m\u00e5ste inte v\u00e4nta p\u00e5 din f\u00f6rtj\u00e4nst \u2013 hos stylink finns det m\u00f6jlighet till omedelbar utbetalning. P\u00e5 vardagar \u00f6verf\u00f6rs ditt belopp inom 24 timmar.<\/p><\/div><\/div><div class=\"x-col e20458-e33 mfsa-g mfsa-h\"><span class=\"x-image e20458-e34 mfsa-i\"><img decoding=\"async\" src=\"https:\/\/www.stylink.com\/wp-content\/uploads\/2020\/08\/stylink_kooperation_influencer_plattform.jpg\" width=\"1000\" height=\"552\" alt=\"stylink, influencer platform, influencer, earn money with instagram, earn money with youtube, personality\" loading=\"lazy\"><\/span><div class=\"x-text x-content e20458-e35 mfsa-12 mfsa-18 texthomevorteilepadding\"><h4>Samarbeten med k&auml;nda m&auml;rken<\/h4>\n<p>Vi har m&aring;ng&aring;riga relationer till stora webbutiker som H&amp;M, Asos, Mango och m&aring;nga fler. Med dessa har vi f&ouml;rhandlat till de b&auml;sta villkoren f&ouml;r dig och din per-klick-int&auml;kt. Hos stylink har du d&auml;rtill m&ouml;jligheten att delta i sp&auml;nnande och ytterligare samarbete med f&ouml;retag och m&auml;rken.<\/p><\/div><\/div><div class=\"x-col e20458-e36 mfsa-g mfsa-h\"><span class=\"x-image e20458-e37 mfsa-i\"><img decoding=\"async\" src=\"https:\/\/www.stylink.com\/wp-content\/uploads\/2020\/08\/stylink_community_influencer_plattform.jpg\" width=\"1000\" height=\"552\" alt=\"stylink, influencer platform, influencer, earn money with instagram, earn money with youtube, honesty\" loading=\"lazy\"><\/span><div class=\"x-text x-content e20458-e38 mfsa-12 mfsa-18 texthomevorteilepadding\"><h4>V&aring;rt n\u00e4tverk:<\/h4>\n<p>V\u00e5rt stylink n\u00e4tverk i Tyskland, \u00d6sterrike, Schweiz, Nederl\u00e4nderna, Belgien, Frankrike, USA, Australien, Irland, Storbritannien och Sverige \u00e4r stort \u2013 och vi v\u00e4xer varje dag. Vi delar n\u00e4tverkets inneh\u00e5ll och ger d\u00e4rmed ocks\u00e5 synlighet. D\u00e4rtil delar vi tips om hur man kan anv\u00e4nda stylink effektivt. Vi finns till f\u00f6r er och st\u00f6der er g\u00e4rna personligen.<\/p><\/div><\/div><\/div><\/div><\/div><div class=\"x-section e20458-e39 mfsa-0 mfsa-2 mfsa-3 col-4\"><div class=\"x-container marginless-columns e20458-e40 mfsa-k mfsa-l mfsa-n\"><div class=\"x-column x-sm x-1-4 e20458-e41 mfsa-o mfsa-p mfsa-q mfsa-v\" data-fade=\"1\" data-x-element=\"column\" data-x-params=\"{&quot;fade&quot;:true}\" style=\"opacity: 0;transition-duration: 3s;\"><span class=\"x-image e20458-e42 mfsa-i\"><img decoding=\"async\" src=\"https:\/\/www.stylink.com\/wp-content\/uploads\/2019\/08\/stylink-verguetungs-plattform-fuer-influencer-pic-12.jpg\" width=\"1000\" height=\"1000\" alt=\"stylink, influencer platform, influencer, earn money with instagram, earn money with youtube\" loading=\"lazy\"><\/span><\/div><div class=\"x-column x-sm x-1-4 e20458-e43 mfsa-o mfsa-p mfsa-q\" data-fade=\"1\" data-x-element=\"column\" data-x-params=\"{&quot;fade&quot;:true}\" style=\"opacity: 0;transition-duration: 3s;\"><span class=\"x-image e20458-e44 mfsa-i\"><img decoding=\"async\" src=\"https:\/\/www.stylink.com\/wp-content\/uploads\/2019\/08\/stylink-verguetungs-plattform-fuer-influencer-pic-2.jpg\" width=\"1000\" height=\"1000\" alt=\"stylink, influencer platform, influencer, earn money with instagram, earn money with youtube\" loading=\"lazy\"><\/span><\/div><div class=\"x-column x-sm x-1-4 e20458-e45 mfsa-o mfsa-p mfsa-q\" data-fade=\"1\" data-x-element=\"column\" data-x-params=\"{&quot;fade&quot;:true}\" style=\"opacity: 0;transition-duration: 3s;\"><span class=\"x-image e20458-e46 mfsa-i\"><img decoding=\"async\" src=\"https:\/\/www.stylink.com\/wp-content\/uploads\/2019\/08\/stylink-verguetungs-plattform-fuer-influencer-pic-15.jpg\" width=\"1000\" height=\"1000\" alt=\"stylink, influencer platform, influencer, earn money with instagram, earn money with youtube\" loading=\"lazy\"><\/span><\/div><div class=\"x-column x-sm x-1-4 e20458-e47 mfsa-o mfsa-p mfsa-q\" data-fade=\"1\" data-x-element=\"column\" data-x-params=\"{&quot;fade&quot;:true}\" style=\"opacity: 0;transition-duration: 3s;\"><span class=\"x-image e20458-e48 mfsa-i\"><img decoding=\"async\" src=\"https:\/\/www.stylink.com\/wp-content\/uploads\/2019\/08\/stylink-verguetungs-plattform-fuer-influencer-pic-14.jpg\" width=\"1000\" height=\"1000\" alt=\"stylink, influencer platform, influencer, earn money with instagram, earn money with youtube\" loading=\"lazy\"><\/span><\/div><\/div><\/div><div class=\"x-section e20458-e49 mfsa-0 mfsa-2 mfsa-6 mfsa-7 paddinghandy\"><div class=\"x-container max width marginless-columns e20458-e50 mfsa-j mfsa-k mfsa-l smallwidth\"><div class=\"x-column x-sm x-1-1 e20458-e51 mfsa-o mfsa-p mfsa-q mfsa-v\"><div class=\"x-text x-content e20458-e52 mfsa-11 mfsa-12 mfsa-13\"><h3 style=\"text-align: center;\">Bli en del av <span style=\"font-weight: 300;\">stylink!<\/span><\/h3><\/div><div class=\"x-text x-text-headline e20458-e53 mfsa-1b\"><div class=\"x-text-content\"><div class=\"x-text-content-text\"><span class=\"x-text-content-text-primary\">V\u00e5r gemenskap v\u00e4xer varje dag - bli medlem i v\u00e5rt unika n\u00e4tverk! Registrera dig hos stylink - snabbt och gratis<\/span>\n<\/div><\/div><\/div><a class=\"x-anchor x-anchor-button e20458-e54 mfsa-w mfsa-z mfsa-10\" tabindex=\"0\" href=\"https:\/\/app.stylink.com\/login?locale=en\"><div class=\"x-anchor-content\"><div class=\"x-anchor-text\"><span class=\"x-anchor-text-primary\">Registrera dig nu!<\/span><\/div><\/div><\/a><\/div><\/div><\/div><div class=\"x-section e20458-e55 mfsa-0 mfsa-2 mfsa-6\"><div class=\"x-row x-container max width e20458-e56 mfsa-8 mfsa-9 mfsa-b mfsa-f\"><div class=\"x-row-inner\"><div class=\"x-col e20458-e57 mfsa-g\"><div class=\"x-text x-content e20458-e58 mfsa-11 mfsa-12 mfsa-13\"><div class=\"cs-content x-global-block x-global-block-22071 e1174-e0\"><\/div><\/div><\/div><\/div><\/div><\/div><div class=\"x-section e20458-e59 mfsa-0 mfsa-2 mfsa-3\"><div class=\"x-container e20458-e60 mfsa-j mfsa-k mfsa-l\"><div class=\"x-column x-sm x-1-1 e20458-e61 mfsa-o mfsa-p mfsa-q\"><div class=\"cs-content x-global-block x-global-block-20473 e20458-e62\"><div class=\"x-section e20473-e2 mfsp-0 paddinghandy\"><div class=\"x-container max width e20473-e3 mfsp-1 smallwidth\"><div class=\"x-column x-sm x-1-1 e20473-e4 mfsp-2\" data-fade=\"1\" data-x-element=\"column\" data-x-params=\"{&quot;fade&quot;:true}\" style=\"opacity: 0; transform: translate(0, ); transition-duration: 3s;\"><div class=\"x-text x-text-headline e20473-e5 mfsp-3\"><div class=\"x-text-content\"><div class=\"x-text-content-text\"><p class=\"x-text-content-text-primary\"><h3 style=\"text-align: center;\"><strong>Har du en fr\u00e5ga?<\/strong><\/h3><\/p>\n<\/div><\/div><\/div><div id=\"support\" class=\"x-text x-content e20473-e6 mfsp-4 mfsp-5\"><span style=\"text-align: center;\">I v\u00e5r <a href=\"https:\/\/www.stylink.com\/se\/faq\/\">FAQ<\/a>, svarar vi p\u00e5 m\u00e5nga fr\u00e5gor om stylink. Du kan ocks\u00e5 kontakta oss via <a href=\"mailto:sverige@stylink.com\">emalj<\/a>, vi ser fram emot att h\u00f6ra fr\u00e5n dig!<\/span><\/div><div class=\"x-text x-content e20473-e7 mfsp-5 mfsp-6\"><a href=\"mailto:sverige@stylink.com\"><img loading=\"lazy\" decoding=\"async\" src=\"https:\/\/25399044.fs1.hubspotusercontent-eu1.net\/hubfs\/25399044\/Neues%20Design%20-%20Logos\/icon-mail.png\" width=\"55\" height=\"55\" class=\"alignnone\" alt=\"\" \/><\/a> <a href=\"https:\/\/www.stylink.com\/se\/faq\/\"><img loading=\"lazy\" decoding=\"async\" src=\"https:\/\/25399044.fs1.hubspotusercontent-eu1.net\/hubfs\/25399044\/Neues%20Design%20-%20Logos\/icon-faq.png\" width=\"55\" height=\"55\" class=\"alignnone\" alt=\"\" \/><\/a><\/div><\/div><\/div><\/div><\/div><\/div><\/div><\/div><\/div>","protected":false},"excerpt":{"rendered":"<p>REGISTER NOWstylink: Visa dina f&ouml;ljare vad du &auml;lskar!stylinks varma gemenskap best&aring;r av influencers och YouTubers som vi kopplar samman med v&auml;lk&auml;nda onlinebutiker. Genom att anv&auml;nda stylink blir relationen mellan dig och dina f&ouml;ljare starkare, och vi arrangerar sp&auml;nnande samarbeten med dina favoritbutiker. Vi anser att d&aring; du rekommenderar n&aring;got till dina f&ouml;ljare och prenumeranter p&aring; Instagram eller YouTube, f&ouml;rtj&auml;nar du &#8230;<\/p>\n","protected":false},"author":2,"featured_media":0,"parent":0,"menu_order":888,"comment_status":"closed","ping_status":"closed","template":"template-blank-4.php","meta":{"rs_blank_template":"","rs_page_bg_color":"","slide_template_v7":"","footnotes":""},"class_list":["post-20458","page","type-page","status-publish","hentry","no-post-thumbnail"],"yoast_head":"<title>Mer om Stylink - stylink - en affiliateplattform f\u00f6r influencers<\/title>\n<meta name=\"description\" content=\"Visa dina favoritprodukter f\u00f6r dina f\u00f6ljare - stylink bel\u00f6nar dig. Tj\u00e4na pengar med dina Instagram stories och YouTube-videor. Registrera dig nu!\" \/>\n<meta name=\"robots\" content=\"noindex, nofollow\" \/>\n<meta property=\"og:locale\" content=\"sv_SE\" \/>\n<meta property=\"og:type\" content=\"article\" \/>\n<meta property=\"og:title\" content=\"Mer om Stylink - stylink - en affiliateplattform f\u00f6r influencers\" \/>\n<meta property=\"og:description\" content=\"Visa dina favoritprodukter f\u00f6r dina f\u00f6ljare - stylink bel\u00f6nar dig. Tj\u00e4na pengar med dina Instagram stories och YouTube-videor. Registrera dig nu!\" \/>\n<meta property=\"og:url\" content=\"https:\/\/www.stylink.com\/se\/mer-om-stylink\/\" \/>\n<meta property=\"og:site_name\" content=\"stylink - en affiliateplattform f\u00f6r influencers\" \/>\n<meta property=\"article:modified_time\" content=\"2025-10-31T13:16:50+00:00\" \/>\n<meta property=\"og:image\" content=\"https:\/\/www.stylink.com\/wp-content\/uploads\/2020\/05\/stylink-empfehlung-landingpage-en.jpg\" \/>\n\t<meta property=\"og:image:width\" content=\"1200\" \/>\n\t<meta property=\"og:image:height\" content=\"630\" \/>\n\t<meta property=\"og:image:type\" content=\"image\/jpeg\" \/>\n<meta name=\"twitter:card\" content=\"summary_large_image\" \/>\n<meta name=\"twitter:label1\" content=\"Ber\u00e4knad l\u00e4stid\" \/>\n\t<meta name=\"twitter:data1\" content=\"3 minuter\" \/>\n<script type=\"application\/ld+json\" class=\"yoast-schema-graph\">{\"@context\":\"https:\\\/\\\/schema.org\",\"@graph\":[{\"@type\":\"WebPage\",\"@id\":\"https:\\\/\\\/www.stylink.com\\\/se\\\/mer-om-stylink\\\/\",\"url\":\"https:\\\/\\\/www.stylink.com\\\/se\\\/mer-om-stylink\\\/\",\"name\":\"Mer om Stylink - stylink - en affiliateplattform f\u00f6r influencers\",\"isPartOf\":{\"@id\":\"https:\\\/\\\/www.stylink.com\\\/se\\\/#website\"},\"primaryImageOfPage\":{\"@id\":\"https:\\\/\\\/www.stylink.com\\\/se\\\/mer-om-stylink\\\/#primaryimage\"},\"image\":{\"@id\":\"https:\\\/\\\/www.stylink.com\\\/se\\\/mer-om-stylink\\\/#primaryimage\"},\"thumbnailUrl\":\"https:\\\/\\\/www.stylink.com\\\/wp-content\\\/uploads\\\/2020\\\/06\\\/stylink-geld-verdienen-bild-de-1.jpg\",\"datePublished\":\"2019-11-04T12:32:36+00:00\",\"dateModified\":\"2025-10-31T13:16:50+00:00\",\"description\":\"Visa dina favoritprodukter f\u00f6r dina f\u00f6ljare - stylink bel\u00f6nar dig. Tj\u00e4na pengar med dina Instagram stories och YouTube-videor. Registrera dig nu!\",\"breadcrumb\":{\"@id\":\"https:\\\/\\\/www.stylink.com\\\/se\\\/mer-om-stylink\\\/#breadcrumb\"},\"inLanguage\":\"sv-SE\",\"potentialAction\":[{\"@type\":\"ReadAction\",\"target\":[\"https:\\\/\\\/www.stylink.com\\\/se\\\/mer-om-stylink\\\/\"]}]},{\"@type\":\"ImageObject\",\"inLanguage\":\"sv-SE\",\"@id\":\"https:\\\/\\\/www.stylink.com\\\/se\\\/mer-om-stylink\\\/#primaryimage\",\"url\":\"https:\\\/\\\/www.stylink.com\\\/wp-content\\\/uploads\\\/2020\\\/06\\\/stylink-geld-verdienen-bild-de-1.jpg\",\"contentUrl\":\"https:\\\/\\\/www.stylink.com\\\/wp-content\\\/uploads\\\/2020\\\/06\\\/stylink-geld-verdienen-bild-de-1.jpg\"},{\"@type\":\"BreadcrumbList\",\"@id\":\"https:\\\/\\\/www.stylink.com\\\/se\\\/mer-om-stylink\\\/#breadcrumb\",\"itemListElement\":[{\"@type\":\"ListItem\",\"position\":1,\"name\":\"Startseite\",\"item\":\"https:\\\/\\\/www.stylink.com\\\/se\\\/start-sv\\\/\"},{\"@type\":\"ListItem\",\"position\":2,\"name\":\"Mer om Stylink\"}]},{\"@type\":\"WebSite\",\"@id\":\"https:\\\/\\\/www.stylink.com\\\/se\\\/#website\",\"url\":\"https:\\\/\\\/www.stylink.com\\\/se\\\/\",\"name\":\"stylink - Verg\u00fctungs-Plattform f\u00fcr Influencer\",\"description\":\"Verg\u00fctungs-Plattform f\u00fcr Creators\",\"publisher\":{\"@id\":\"https:\\\/\\\/www.stylink.com\\\/se\\\/#organization\"},\"alternateName\":\"stylink Social Media GmbH\",\"potentialAction\":[{\"@type\":\"SearchAction\",\"target\":{\"@type\":\"EntryPoint\",\"urlTemplate\":\"https:\\\/\\\/www.stylink.com\\\/se\\\/?s={search_term_string}\"},\"query-input\":{\"@type\":\"PropertyValueSpecification\",\"valueRequired\":true,\"valueName\":\"search_term_string\"}}],\"inLanguage\":\"sv-SE\"},{\"@type\":\"Organization\",\"@id\":\"https:\\\/\\\/www.stylink.com\\\/se\\\/#organization\",\"name\":\"stylink Social Media GmbH\",\"alternateName\":\"stylink \u2013 Verg\u00fctungs-Plattform f\u00fcr Influencer\",\"url\":\"https:\\\/\\\/www.stylink.com\\\/se\\\/\",\"logo\":{\"@type\":\"ImageObject\",\"inLanguage\":\"sv-SE\",\"@id\":\"https:\\\/\\\/www.stylink.com\\\/se\\\/#\\\/schema\\\/logo\\\/image\\\/\",\"url\":\"https:\\\/\\\/www.stylink.com\\\/wp-content\\\/uploads\\\/2020\\\/01\\\/stylink-verguetungsplattform-logo-favicon-1.jpg\",\"contentUrl\":\"https:\\\/\\\/www.stylink.com\\\/wp-content\\\/uploads\\\/2020\\\/01\\\/stylink-verguetungsplattform-logo-favicon-1.jpg\",\"width\":600,\"height\":600,\"caption\":\"stylink Social Media GmbH\"},\"image\":{\"@id\":\"https:\\\/\\\/www.stylink.com\\\/se\\\/#\\\/schema\\\/logo\\\/image\\\/\"},\"sameAs\":[\"https:\\\/\\\/www.instagram.com\\\/stylinkofficial\\\/\",\"https:\\\/\\\/www.linkedin.com\\\/company\\\/stylink-social-media\"]}]}<\/script>","yoast_head_json":{"title":"Mer om Stylink - stylink - en affiliateplattform f\u00f6r influencers","description":"Visa dina favoritprodukter f\u00f6r dina f\u00f6ljare - stylink bel\u00f6nar dig. Tj\u00e4na pengar med dina Instagram stories och YouTube-videor. Registrera dig nu!","robots":{"index":"noindex","follow":"nofollow"},"og_locale":"sv_SE","og_type":"article","og_title":"Mer om Stylink - stylink - en affiliateplattform f\u00f6r influencers","og_description":"Visa dina favoritprodukter f\u00f6r dina f\u00f6ljare - stylink bel\u00f6nar dig. Tj\u00e4na pengar med dina Instagram stories och YouTube-videor. Registrera dig nu!","og_url":"https:\/\/www.stylink.com\/se\/mer-om-stylink\/","og_site_name":"stylink - en affiliateplattform f\u00f6r influencers","article_modified_time":"2025-10-31T13:16:50+00:00","og_image":[{"width":1200,"height":630,"url":"https:\/\/www.stylink.com\/wp-content\/uploads\/2020\/05\/stylink-empfehlung-landingpage-en.jpg","type":"image\/jpeg"}],"twitter_card":"summary_large_image","twitter_misc":{"Ber\u00e4knad l\u00e4stid":"3 minuter"},"schema":{"@context":"https:\/\/schema.org","@graph":[{"@type":"WebPage","@id":"https:\/\/www.stylink.com\/se\/mer-om-stylink\/","url":"https:\/\/www.stylink.com\/se\/mer-om-stylink\/","name":"Mer om Stylink - stylink - en affiliateplattform f\u00f6r influencers","isPartOf":{"@id":"https:\/\/www.stylink.com\/se\/#website"},"primaryImageOfPage":{"@id":"https:\/\/www.stylink.com\/se\/mer-om-stylink\/#primaryimage"},"image":{"@id":"https:\/\/www.stylink.com\/se\/mer-om-stylink\/#primaryimage"},"thumbnailUrl":"https:\/\/www.stylink.com\/wp-content\/uploads\/2020\/06\/stylink-geld-verdienen-bild-de-1.jpg","datePublished":"2019-11-04T12:32:36+00:00","dateModified":"2025-10-31T13:16:50+00:00","description":"Visa dina favoritprodukter f\u00f6r dina f\u00f6ljare - stylink bel\u00f6nar dig. Tj\u00e4na pengar med dina Instagram stories och YouTube-videor. Registrera dig nu!","breadcrumb":{"@id":"https:\/\/www.stylink.com\/se\/mer-om-stylink\/#breadcrumb"},"inLanguage":"sv-SE","potentialAction":[{"@type":"ReadAction","target":["https:\/\/www.stylink.com\/se\/mer-om-stylink\/"]}]},{"@type":"ImageObject","inLanguage":"sv-SE","@id":"https:\/\/www.stylink.com\/se\/mer-om-stylink\/#primaryimage","url":"https:\/\/www.stylink.com\/wp-content\/uploads\/2020\/06\/stylink-geld-verdienen-bild-de-1.jpg","contentUrl":"https:\/\/www.stylink.com\/wp-content\/uploads\/2020\/06\/stylink-geld-verdienen-bild-de-1.jpg"},{"@type":"BreadcrumbList","@id":"https:\/\/www.stylink.com\/se\/mer-om-stylink\/#breadcrumb","itemListElement":[{"@type":"ListItem","position":1,"name":"Startseite","item":"https:\/\/www.stylink.com\/se\/start-sv\/"},{"@type":"ListItem","position":2,"name":"Mer om Stylink"}]},{"@type":"WebSite","@id":"https:\/\/www.stylink.com\/se\/#website","url":"https:\/\/www.stylink.com\/se\/","name":"stylink - Verg\u00fctungs-Plattform f\u00fcr Influencer","description":"Verg\u00fctungs-Plattform f\u00fcr Creators","publisher":{"@id":"https:\/\/www.stylink.com\/se\/#organization"},"alternateName":"stylink Social Media GmbH","potentialAction":[{"@type":"SearchAction","target":{"@type":"EntryPoint","urlTemplate":"https:\/\/www.stylink.com\/se\/?s={search_term_string}"},"query-input":{"@type":"PropertyValueSpecification","valueRequired":true,"valueName":"search_term_string"}}],"inLanguage":"sv-SE"},{"@type":"Organization","@id":"https:\/\/www.stylink.com\/se\/#organization","name":"stylink Social Media GmbH","alternateName":"stylink \u2013 Verg\u00fctungs-Plattform f\u00fcr Influencer","url":"https:\/\/www.stylink.com\/se\/","logo":{"@type":"ImageObject","inLanguage":"sv-SE","@id":"https:\/\/www.stylink.com\/se\/#\/schema\/logo\/image\/","url":"https:\/\/www.stylink.com\/wp-content\/uploads\/2020\/01\/stylink-verguetungsplattform-logo-favicon-1.jpg","contentUrl":"https:\/\/www.stylink.com\/wp-content\/uploads\/2020\/01\/stylink-verguetungsplattform-logo-favicon-1.jpg","width":600,"height":600,"caption":"stylink Social Media GmbH"},"image":{"@id":"https:\/\/www.stylink.com\/se\/#\/schema\/logo\/image\/"},"sameAs":["https:\/\/www.instagram.com\/stylinkofficial\/","https:\/\/www.linkedin.com\/company\/stylink-social-media"]}]}},"_links":{"self":[{"href":"https:\/\/www.stylink.com\/se\/wp-json\/wp\/v2\/pages\/20458","targetHints":{"allow":["GET"]}}],"collection":[{"href":"https:\/\/www.stylink.com\/se\/wp-json\/wp\/v2\/pages"}],"about":[{"href":"https:\/\/www.stylink.com\/se\/wp-json\/wp\/v2\/types\/page"}],"author":[{"embeddable":true,"href":"https:\/\/www.stylink.com\/se\/wp-json\/wp\/v2\/users\/2"}],"replies":[{"embeddable":true,"href":"https:\/\/www.stylink.com\/se\/wp-json\/wp\/v2\/comments?post=20458"}],"version-history":[{"count":3,"href":"https:\/\/www.stylink.com\/se\/wp-json\/wp\/v2\/pages\/20458\/revisions"}],"predecessor-version":[{"id":116505,"href":"https:\/\/www.stylink.com\/se\/wp-json\/wp\/v2\/pages\/20458\/revisions\/116505"}],"wp:attachment":[{"href":"https:\/\/www.stylink.com\/se\/wp-json\/wp\/v2\/media?parent=20458"}],"curies":[{"name":"wp","href":"https:\/\/api.w.org\/{rel}","templated":true}]}}